{"id":3981,"date":"2016-05-09T11:42:20","date_gmt":"2016-05-09T11:42:20","guid":{"rendered":"https:\/\/jafep.com\/?post_type=product&#038;p=3981"},"modified":"2025-04-02T07:39:31","modified_gmt":"2025-04-02T07:39:31","slug":"pintura-plastica-mate-interior-exterior-multicolor900","status":"publish","type":"product","link":"https:\/\/jafep.com\/fr\/producto\/pintura-plastica-mate-interior-exterior-multicolor900\/","title":{"rendered":"Pintura Pl\u00e1stica Mate &#8211; interior-exterior-P-D-TR Multicolor 900"},"content":{"rendered":"<p>Pintura pl\u00e1stica acr\u00edlica de excelente calidad, especialmente dise\u00f1ada en tres bases: P, D, TR para obtener acabados en diferentes tonos de color para todo tipo de trabajos de decoraci\u00f3n, restauraci\u00f3n y mantenimiento. <\/p>\n","protected":false},"excerpt":{"rendered":"<p>Pintura pl\u00e1stica acr\u00edlica de excelente calidad, especialmente dise\u00f1ada en tres bases: P, D, TR para obtener acabados en diferentes tonos de color para todo tipo de trabajos de decoraci\u00f3n, restauraci\u00f3n y mantenimiento.<\/p>\n","protected":false},"featured_media":82822,"comment_status":"closed","ping_status":"closed","template":"","meta":{"_acf_changed":false,"_links_to":"","_links_to_target":""},"product_brand":[],"product_cat":[78,37],"product_tag":[],"class_list":{"0":"post-3981","1":"product","2":"type-product","3":"status-publish","4":"has-post-thumbnail","6":"product_cat-bases-sistema-multicolor","7":"product_cat-sistemas-tintometricos","8":"pa_formatos-15l","9":"pa_formatos-4l","10":"pa_formatos-750ml","11":"pa_herramientas-airless","12":"pa_herramientas-brocha","13":"pa_herramientas-pistola","14":"pa_herramientas-rodillo","15":"pa_iconos-mate-60o","16":"pa_iconos-a-mas","17":"pa_iconos-base-agua","18":"pa_iconos-brocha-rodillo-pistola","19":"pa_iconos-conservante-antimoho-sitema-atmh","20":"pa_iconos-exterior-interior","21":"pa_iconos-lavabilidad-nivel-1","22":"pa_iconos-mate","23":"pa_iconos-mate3","24":"pa_iconos-rendimiento-10-14-m2-l","26":"first","27":"instock","28":"shipping-taxable","29":"product-type-simple"},"acf":[],"_links":{"self":[{"href":"https:\/\/jafep.com\/fr\/wp-json\/wp\/v2\/product\/3981","targetHints":{"allow":["GET"]}}],"collection":[{"href":"https:\/\/jafep.com\/fr\/wp-json\/wp\/v2\/product"}],"about":[{"href":"https:\/\/jafep.com\/fr\/wp-json\/wp\/v2\/types\/product"}],"replies":[{"embeddable":true,"href":"https:\/\/jafep.com\/fr\/wp-json\/wp\/v2\/comments?post=3981"}],"wp:featuredmedia":[{"embeddable":true,"href":"https:\/\/jafep.com\/fr\/wp-json\/wp\/v2\/media\/82822"}],"wp:attachment":[{"href":"https:\/\/jafep.com\/fr\/wp-json\/wp\/v2\/media?parent=3981"}],"wp:term":[{"taxonomy":"product_brand","embeddable":true,"href":"https:\/\/jafep.com\/fr\/wp-json\/wp\/v2\/product_brand?post=3981"},{"taxonomy":"product_cat","embeddable":true,"href":"https:\/\/jafep.com\/fr\/wp-json\/wp\/v2\/product_cat?post=3981"},{"taxonomy":"product_tag","embeddable":true,"href":"https:\/\/jafep.com\/fr\/wp-json\/wp\/v2\/product_tag?post=3981"}],"curies":[{"name":"wp","href":"https:\/\/api.w.org\/{rel}","templated":true}]}}