{"id":3945,"date":"2016-05-09T10:52:33","date_gmt":"2016-05-09T10:52:33","guid":{"rendered":"https:\/\/jafep.com\/?post_type=product&#038;p=3945"},"modified":"2025-04-03T08:30:39","modified_gmt":"2025-04-03T08:30:39","slug":"esmalte-sintetico-brillan035te-satinado-base-p-d-tr","status":"publish","type":"product","link":"https:\/\/jafep.com\/fr\/producto\/esmalte-sintetico-brillan035te-satinado-base-p-d-tr\/","title":{"rendered":"Bases para Esmalte sint\u00e9tico brillante &#8211; satinado base: P- D- TR"},"content":{"rendered":"<p>Es un esmalte sint\u00e9tico de alto brillo y gran poder de cubrici\u00f3n, formulado con resinas alc\u00eddicas especiales con una contrastada resistencia y estabilidad a la luz, que proporciona niveles de acabado de la m\u00e1xima calidad. La combinaci\u00f3n de sus tres bases : P, D y TR permite formular un gran n\u00famero de colores de las cartas m\u00e1s conocidas del mercado.<\/p>\n","protected":false},"excerpt":{"rendered":"<p>Es un esmalte sint\u00e9tico de alto brillo y gran poder de cubrici\u00f3n, formulado con resinas alc\u00eddicas especiales con una contrastada resistencia y estabilidad a la luz, que proporciona niveles de acabado de la m\u00e1xima calidad. La combinaci\u00f3n de sus tres bases : P, D y TR permite formular un gran n\u00famero de colores de las&#8230;<\/p>\n","protected":false},"featured_media":83639,"comment_status":"closed","ping_status":"closed","template":"","meta":{"_acf_changed":false,"_links_to":"","_links_to_target":""},"product_brand":[],"product_cat":[78,37],"product_tag":[],"class_list":{"0":"post-3945","1":"product","2":"type-product","3":"status-publish","4":"has-post-thumbnail","6":"product_cat-bases-sistema-multicolor","7":"product_cat-sistemas-tintometricos","9":"first","10":"instock","11":"shipping-taxable","12":"product-type-simple"},"acf":[],"_links":{"self":[{"href":"https:\/\/jafep.com\/fr\/wp-json\/wp\/v2\/product\/3945","targetHints":{"allow":["GET"]}}],"collection":[{"href":"https:\/\/jafep.com\/fr\/wp-json\/wp\/v2\/product"}],"about":[{"href":"https:\/\/jafep.com\/fr\/wp-json\/wp\/v2\/types\/product"}],"replies":[{"embeddable":true,"href":"https:\/\/jafep.com\/fr\/wp-json\/wp\/v2\/comments?post=3945"}],"wp:featuredmedia":[{"embeddable":true,"href":"https:\/\/jafep.com\/fr\/wp-json\/wp\/v2\/media\/83639"}],"wp:attachment":[{"href":"https:\/\/jafep.com\/fr\/wp-json\/wp\/v2\/media?parent=3945"}],"wp:term":[{"taxonomy":"product_brand","embeddable":true,"href":"https:\/\/jafep.com\/fr\/wp-json\/wp\/v2\/product_brand?post=3945"},{"taxonomy":"product_cat","embeddable":true,"href":"https:\/\/jafep.com\/fr\/wp-json\/wp\/v2\/product_cat?post=3945"},{"taxonomy":"product_tag","embeddable":true,"href":"https:\/\/jafep.com\/fr\/wp-json\/wp\/v2\/product_tag?post=3945"}],"curies":[{"name":"wp","href":"https:\/\/api.w.org\/{rel}","templated":true}]}}