{"id":3011,"date":"2016-04-12T10:01:38","date_gmt":"2016-04-12T10:01:38","guid":{"rendered":"https:\/\/jafep.com\/?post_type=product&#038;p=3011"},"modified":"2025-05-05T13:11:09","modified_gmt":"2025-05-05T13:11:09","slug":"sate-beyem-jafep-forte-3","status":"publish","type":"product","link":"https:\/\/jafep.com\/fr\/producto\/sate-beyem-jafep-forte-3\/","title":{"rendered":"SATE Beyem \u2013 Jafep Forte"},"content":{"rendered":"<p>SATE BEYEM-JAFEP FORTE es un sistema de aislamiento t\u00e9rmico por el exterior para fachadas basado en la utilizaci\u00f3n de poliestireno extruido XPS como material aislante y en el uso como terminaci\u00f3n de un revestimiento tipo mortero acr\u00edlico de altas prestaciones semi-el\u00e1stico y antifisuras en diversas granulometr\u00edas y colores.<\/p>\n<div><\/div>\n","protected":false},"excerpt":{"rendered":"<p>SATE BEYEM-JAFEP FORTE es un sistema de aislamiento t\u00e9rmico por el exterior para fachadas basado en la utilizaci\u00f3n de poliestireno extruido XPS como material aislante y en el uso como terminaci\u00f3n de un revestimiento tipo mortero acr\u00edlico de altas prestaciones semi-el\u00e1stico y antifisuras en diversas granulometr\u00edas y colores.<\/p>\n","protected":false},"featured_media":85166,"comment_status":"closed","ping_status":"closed","template":"","meta":{"_acf_changed":false,"_links_to":"","_links_to_target":""},"product_brand":[],"product_cat":[192,97,200,677],"product_tag":[],"class_list":{"0":"post-3011","1":"product","2":"type-product","3":"status-publish","4":"has-post-thumbnail","6":"product_cat-aislar-termicamente","7":"product_cat-exteriores","8":"product_cat-sate","9":"product_cat-sistema-de-aislamiento-termico-por-el-exterior-sate","10":"pa_herramientas-brocha","11":"pa_herramientas-llana","13":"first","14":"instock","15":"shipping-taxable","16":"product-type-simple"},"acf":[],"_links":{"self":[{"href":"https:\/\/jafep.com\/fr\/wp-json\/wp\/v2\/product\/3011","targetHints":{"allow":["GET"]}}],"collection":[{"href":"https:\/\/jafep.com\/fr\/wp-json\/wp\/v2\/product"}],"about":[{"href":"https:\/\/jafep.com\/fr\/wp-json\/wp\/v2\/types\/product"}],"replies":[{"embeddable":true,"href":"https:\/\/jafep.com\/fr\/wp-json\/wp\/v2\/comments?post=3011"}],"wp:featuredmedia":[{"embeddable":true,"href":"https:\/\/jafep.com\/fr\/wp-json\/wp\/v2\/media\/85166"}],"wp:attachment":[{"href":"https:\/\/jafep.com\/fr\/wp-json\/wp\/v2\/media?parent=3011"}],"wp:term":[{"taxonomy":"product_brand","embeddable":true,"href":"https:\/\/jafep.com\/fr\/wp-json\/wp\/v2\/product_brand?post=3011"},{"taxonomy":"product_cat","embeddable":true,"href":"https:\/\/jafep.com\/fr\/wp-json\/wp\/v2\/product_cat?post=3011"},{"taxonomy":"product_tag","embeddable":true,"href":"https:\/\/jafep.com\/fr\/wp-json\/wp\/v2\/product_tag?post=3011"}],"curies":[{"name":"wp","href":"https:\/\/api.w.org\/{rel}","templated":true}]}}