{"id":3009,"date":"2016-04-12T09:58:14","date_gmt":"2016-04-12T09:58:14","guid":{"rendered":"https:\/\/jafep.com\/?post_type=product&#038;p=3009"},"modified":"2025-09-15T17:40:48","modified_gmt":"2025-09-15T15:40:48","slug":"sate-beyem-jafep-classic-grafito","status":"publish","type":"product","link":"https:\/\/jafep.com\/fr\/producto\/sate-beyem-jafep-classic-grafito\/","title":{"rendered":"SATE Beyem \u2013 Jafep Classic Grafito"},"content":{"rendered":"<p>SATE BEYEM-JAFEP CLASSIC GRAFITO es un sistema de aislamiento t\u00e9rmico por el exterior para fachadas basado en la utilizaci\u00f3n de poliestireno expandido EPS Grafito estabilizado como material aislante y en el uso como terminaci\u00f3n de un revestimiento tipo mortero acr\u00edlico de altas prestaciones semi-el\u00e1stico y antifisuras en diversas granulometr\u00edas y colores.<\/p>\n<p>Ventajas:<br \/>\n&#8211; EPS Grafito: Mayor capacidad aislante.<br \/>\n&#8211; Excelente relaci\u00f3n prestaciones\/precio.<br \/>\n&#8211; La soluci\u00f3n m\u00e1s ligera.<br \/>\n&#8211; Cumple CTE.<br \/>\n&#8211; Impermeable al agua de lluvia y permeable al vapor de agua.<br \/>\n&#8211; Disminuci\u00f3n\/eliminaci\u00f3n del riesgo de condensaci\u00f3n y moho interior.<br \/>\n&#8211; Soluci\u00f3n perfecta para patolog\u00edas de fachada.<br \/>\n&#8211; Ideal para rehabilitaci\u00f3n. No se pierde superficie \u00fatil en la vivienda.<br \/>\n&#8211; Homologaci\u00f3n europea ETE 16\/0129.<\/p>\n","protected":false},"excerpt":{"rendered":"<p>SATE BEYEM-JAFEP CLASSIC GRAFITO es un sistema de aislamiento t\u00e9rmico por el exterior para fachadas basado en la utilizaci\u00f3n de poliestireno expandido EPS Grafito estabilizado como material aislante y en el uso como terminaci\u00f3n de un revestimiento tipo mortero acr\u00edlico de altas prestaciones semi-el\u00e1stico y antifisuras en diversas granulometr\u00edas y colores. Ventajas: &#8211; EPS Grafito:&#8230;<\/p>\n","protected":false},"featured_media":85162,"comment_status":"closed","ping_status":"closed","template":"","meta":{"_acf_changed":false,"_links_to":"","_links_to_target":""},"product_brand":[],"product_cat":[192,97,200,677],"product_tag":[],"class_list":{"0":"post-3009","1":"product","2":"type-product","3":"status-publish","4":"has-post-thumbnail","6":"product_cat-aislar-termicamente","7":"product_cat-exteriores","8":"product_cat-sate","9":"product_cat-sistema-de-aislamiento-termico-por-el-exterior-sate","11":"first","12":"instock","13":"shipping-taxable","14":"product-type-simple"},"acf":[],"_links":{"self":[{"href":"https:\/\/jafep.com\/fr\/wp-json\/wp\/v2\/product\/3009","targetHints":{"allow":["GET"]}}],"collection":[{"href":"https:\/\/jafep.com\/fr\/wp-json\/wp\/v2\/product"}],"about":[{"href":"https:\/\/jafep.com\/fr\/wp-json\/wp\/v2\/types\/product"}],"replies":[{"embeddable":true,"href":"https:\/\/jafep.com\/fr\/wp-json\/wp\/v2\/comments?post=3009"}],"wp:featuredmedia":[{"embeddable":true,"href":"https:\/\/jafep.com\/fr\/wp-json\/wp\/v2\/media\/85162"}],"wp:attachment":[{"href":"https:\/\/jafep.com\/fr\/wp-json\/wp\/v2\/media?parent=3009"}],"wp:term":[{"taxonomy":"product_brand","embeddable":true,"href":"https:\/\/jafep.com\/fr\/wp-json\/wp\/v2\/product_brand?post=3009"},{"taxonomy":"product_cat","embeddable":true,"href":"https:\/\/jafep.com\/fr\/wp-json\/wp\/v2\/product_cat?post=3009"},{"taxonomy":"product_tag","embeddable":true,"href":"https:\/\/jafep.com\/fr\/wp-json\/wp\/v2\/product_tag?post=3009"}],"curies":[{"name":"wp","href":"https:\/\/api.w.org\/{rel}","templated":true}]}}