{"id":3005,"date":"2016-04-12T09:38:55","date_gmt":"2016-04-12T09:38:55","guid":{"rendered":"https:\/\/jafep.com\/?post_type=product&#038;p=3005"},"modified":"2025-09-15T17:36:06","modified_gmt":"2025-09-15T15:36:06","slug":"sate-beyem-jafep-acoustic","status":"publish","type":"product","link":"https:\/\/jafep.com\/fr\/producto\/sate-beyem-jafep-acoustic\/","title":{"rendered":"SATE Beyem \u2013 Jafep Acoustic"},"content":{"rendered":"<p>SATE BEYEM-JAFEP ACOUSTIC es un sistema de aislamiento t\u00e9rmico por el exterior para fachadas basado en la utilizaci\u00f3n de lana de roca MW como material aislante y en el uso como terminaci\u00f3n de un revestimiento tipo mortero acr\u00edlico de altas prestaciones semi-el\u00e1stico y antifisuras en diversas granulometr\u00edas y colores. SATE BEYEMJAFEP ACOUSTIC est\u00e1 recomendado en caso de utilizaci\u00f3n de colores oscuros en la terminaci\u00f3n.<\/p>\n<p><span style=\"font-size: large;\">Ventajas:<\/span><\/p>\n<p>&#8211; Sistema SATE mineral.<br \/>\n&#8211; Excelente aislamiento ac\u00fastico.<br \/>\n&#8211; Excelente resistencia al fuego. Posibilidad de utilizaci\u00f3n a modo de cortafuegos en fachada.<br \/>\n&#8211; Cumple CTE.<br \/>\n&#8211; Elevada permeabilidad. Mayor transpiraci\u00f3n.<br \/>\n&#8211; Disminuci\u00f3n\/eliminaci\u00f3n del riesgo de condensaci\u00f3n y moho interior.<br \/>\n&#8211; Soluci\u00f3n perfecta para patolog\u00edas de fachada.<br \/>\n&#8211; Ideal para rehabilitaci\u00f3n. No se pierde superficie \u00fatil en la vivienda.<br \/>\n&#8211; Homologaci\u00f3n europea ETE 16\/0129.<\/p>\n<p>&nbsp;<\/p>\n","protected":false},"excerpt":{"rendered":"<p>SATE BEYEM-JAFEP ACOUSTIC es un sistema de aislamiento t\u00e9rmico por el exterior para fachadas basado en la utilizaci\u00f3n de lana de roca MW como material aislante y en el uso como terminaci\u00f3n de un revestimiento tipo mortero acr\u00edlico de altas prestaciones semi-el\u00e1stico y antifisuras en diversas granulometr\u00edas y colores. SATE BEYEMJAFEP ACOUSTIC est\u00e1 recomendado en&#8230;<\/p>\n","protected":false},"featured_media":85170,"comment_status":"closed","ping_status":"closed","template":"","meta":{"_acf_changed":false,"_links_to":"","_links_to_target":""},"product_brand":[],"product_cat":[192,97,200,677],"product_tag":[],"class_list":{"0":"post-3005","1":"product","2":"type-product","3":"status-publish","4":"has-post-thumbnail","6":"product_cat-aislar-termicamente","7":"product_cat-exteriores","8":"product_cat-sate","9":"product_cat-sistema-de-aislamiento-termico-por-el-exterior-sate","11":"first","12":"instock","13":"shipping-taxable","14":"product-type-simple"},"acf":[],"_links":{"self":[{"href":"https:\/\/jafep.com\/fr\/wp-json\/wp\/v2\/product\/3005","targetHints":{"allow":["GET"]}}],"collection":[{"href":"https:\/\/jafep.com\/fr\/wp-json\/wp\/v2\/product"}],"about":[{"href":"https:\/\/jafep.com\/fr\/wp-json\/wp\/v2\/types\/product"}],"replies":[{"embeddable":true,"href":"https:\/\/jafep.com\/fr\/wp-json\/wp\/v2\/comments?post=3005"}],"wp:featuredmedia":[{"embeddable":true,"href":"https:\/\/jafep.com\/fr\/wp-json\/wp\/v2\/media\/85170"}],"wp:attachment":[{"href":"https:\/\/jafep.com\/fr\/wp-json\/wp\/v2\/media?parent=3005"}],"wp:term":[{"taxonomy":"product_brand","embeddable":true,"href":"https:\/\/jafep.com\/fr\/wp-json\/wp\/v2\/product_brand?post=3005"},{"taxonomy":"product_cat","embeddable":true,"href":"https:\/\/jafep.com\/fr\/wp-json\/wp\/v2\/product_cat?post=3005"},{"taxonomy":"product_tag","embeddable":true,"href":"https:\/\/jafep.com\/fr\/wp-json\/wp\/v2\/product_tag?post=3005"}],"curies":[{"name":"wp","href":"https:\/\/api.w.org\/{rel}","templated":true}]}}