{"id":2324,"date":"2016-02-05T16:01:18","date_gmt":"2016-02-23T16:05:35","guid":{"rendered":"https:\/\/jafep.com\/?post_type=product&#038;p=2324"},"modified":"2023-05-09T10:36:00","modified_gmt":"2023-05-09T10:36:00","slug":"pinroda-revetement-lisse","status":"publish","type":"product","link":"https:\/\/jafep.com\/fr\/producto\/pinroda-revetement-lisse\/","title":{"rendered":"Pinroda Rev\u00eatement Lisse"},"content":{"rendered":"<p>Rev\u00eatement \u00e0 l\u2019eau mate indiqu\u00e9 pour la d\u00e9coration et la protection des fa\u00e7ades, patios, murs, ext\u00e9rieurs, etc. dans des conditions climatiques temp\u00e9r\u00e9es. <\/p>\n","protected":false},"excerpt":{"rendered":"<p>Rev\u00eatements Lisse pour l&#8217;ext\u00e9rieur. <\/p>\n","protected":false},"featured_media":82699,"comment_status":"closed","ping_status":"closed","template":"","meta":{"_acf_changed":false,"_links_to":"","_links_to_target":""},"product_brand":[],"product_cat":[480,829,822,1539],"product_tag":[],"class_list":{"0":"post-2324","1":"product","2":"type-product","3":"status-publish","4":"has-post-thumbnail","6":"product_cat-facades-fr","7":"product_cat-fachadas-fr","8":"product_cat-pinroda-fr-2","9":"product_cat-zones-faiblement-humides","10":"pa_formatos-15l-fr","11":"pa_formatos-4l-fr","12":"pa_herramientas-airless-fr","13":"pa_herramientas-brocha-fr","14":"pa_herramientas-pistola-fr","15":"pa_herramientas-rodillo-fachadas-lana-oveja-20mm-fr","16":"pa_herramientas-rodillo-fachadas-poliamida-extra-larga-de-20mm-fr","17":"pa_herramientas-rodillo-fachadas-poliamida-larga-de-19mm-fr","18":"pa_iconos-1-base-agua-fr","19":"pa_iconos-46-interior-fr","20":"pa_iconos-51-mate-60o-fr","21":"pa_iconos-64-lavabilidad-nivel-maximo-fr","22":"pa_iconos-a-mas-fr","23":"pa_iconos-mate-fr","24":"pa_iconos-mate2-5-fr","25":"pa_iconos-rendimiento-6-8-m2l-fr","27":"first","28":"instock","29":"shipping-taxable","30":"product-type-simple"},"acf":[],"_links":{"self":[{"href":"https:\/\/jafep.com\/fr\/wp-json\/wp\/v2\/product\/2324","targetHints":{"allow":["GET"]}}],"collection":[{"href":"https:\/\/jafep.com\/fr\/wp-json\/wp\/v2\/product"}],"about":[{"href":"https:\/\/jafep.com\/fr\/wp-json\/wp\/v2\/types\/product"}],"replies":[{"embeddable":true,"href":"https:\/\/jafep.com\/fr\/wp-json\/wp\/v2\/comments?post=2324"}],"wp:featuredmedia":[{"embeddable":true,"href":"https:\/\/jafep.com\/fr\/wp-json\/wp\/v2\/media\/82699"}],"wp:attachment":[{"href":"https:\/\/jafep.com\/fr\/wp-json\/wp\/v2\/media?parent=2324"}],"wp:term":[{"taxonomy":"product_brand","embeddable":true,"href":"https:\/\/jafep.com\/fr\/wp-json\/wp\/v2\/product_brand?post=2324"},{"taxonomy":"product_cat","embeddable":true,"href":"https:\/\/jafep.com\/fr\/wp-json\/wp\/v2\/product_cat?post=2324"},{"taxonomy":"product_tag","embeddable":true,"href":"https:\/\/jafep.com\/fr\/wp-json\/wp\/v2\/product_tag?post=2324"}],"curies":[{"name":"wp","href":"https:\/\/api.w.org\/{rel}","templated":true}]}}