{"id":2322,"date":"2016-02-05T15:58:19","date_gmt":"2016-02-23T16:04:50","guid":{"rendered":"https:\/\/jafep.com\/?post_type=product&#038;p=2322"},"modified":"2023-05-09T10:25:29","modified_gmt":"2023-05-09T10:25:29","slug":"pinroda-revetement-rugueux","status":"publish","type":"product","link":"https:\/\/jafep.com\/fr\/producto\/pinroda-revetement-rugueux\/","title":{"rendered":"Pinroda Rev\u00eatement Rugueux"},"content":{"rendered":"<p>Rev\u00eatement pierreux indiqu\u00e9 pour la d\u00e9coration et la protection des fa\u00e7ades, patios, murs, ext\u00e9rieurs, etc. dans des conditions climatiques temp\u00e9r\u00e9es. <\/p>\n","protected":false},"excerpt":{"rendered":"<p>Rev\u00eatement pierreux indiqu\u00e9 pour la d\u00e9coration et la protection des fa\u00e7ades, patios, murs, ext\u00e9rieurs, etc. dans des conditions climatiques temp\u00e9r\u00e9es.<\/p>\n","protected":false},"featured_media":82699,"comment_status":"closed","ping_status":"closed","template":"","meta":{"_acf_changed":false,"_links_to":"","_links_to_target":""},"product_brand":[],"product_cat":[828,480,829,1540,822],"product_tag":[],"class_list":{"0":"post-2322","1":"product","2":"type-product","3":"status-publish","4":"has-post-thumbnail","6":"product_cat-exteriores-fr","7":"product_cat-facades-fr","8":"product_cat-fachadas-fr","9":"product_cat-peindre-les-terrasses","10":"product_cat-pinroda-fr-2","11":"pa_formatos-15l-fr","12":"pa_formatos-4l-fr","13":"pa_herramientas-airless-fr","14":"pa_herramientas-brocha-esmalte-barniz-acrilico-microfibra-fr","15":"pa_herramientas-pistola-fr","16":"pa_herramientas-rodillo-fachadas-lana-oveja-20mm-fr","17":"pa_herramientas-rodillo-fachadas-poliamida-extra-larga-de-20mm-fr","18":"pa_herramientas-rodillo-fachadas-poliamida-larga-de-19mm-fr","19":"pa_iconos-1-base-agua-fr","20":"pa_iconos-45-exterior-interior-fr","21":"pa_iconos-51-mate-60o-fr","22":"pa_iconos-rendimiento-2-3-m2-l-fr","24":"first","25":"instock","26":"shipping-taxable","27":"product-type-simple"},"acf":[],"_links":{"self":[{"href":"https:\/\/jafep.com\/fr\/wp-json\/wp\/v2\/product\/2322","targetHints":{"allow":["GET"]}}],"collection":[{"href":"https:\/\/jafep.com\/fr\/wp-json\/wp\/v2\/product"}],"about":[{"href":"https:\/\/jafep.com\/fr\/wp-json\/wp\/v2\/types\/product"}],"replies":[{"embeddable":true,"href":"https:\/\/jafep.com\/fr\/wp-json\/wp\/v2\/comments?post=2322"}],"wp:featuredmedia":[{"embeddable":true,"href":"https:\/\/jafep.com\/fr\/wp-json\/wp\/v2\/media\/82699"}],"wp:attachment":[{"href":"https:\/\/jafep.com\/fr\/wp-json\/wp\/v2\/media?parent=2322"}],"wp:term":[{"taxonomy":"product_brand","embeddable":true,"href":"https:\/\/jafep.com\/fr\/wp-json\/wp\/v2\/product_brand?post=2322"},{"taxonomy":"product_cat","embeddable":true,"href":"https:\/\/jafep.com\/fr\/wp-json\/wp\/v2\/product_cat?post=2322"},{"taxonomy":"product_tag","embeddable":true,"href":"https:\/\/jafep.com\/fr\/wp-json\/wp\/v2\/product_tag?post=2322"}],"curies":[{"name":"wp","href":"https:\/\/api.w.org\/{rel}","templated":true}]}}