{"id":2305,"date":"2016-02-05T15:14:48","date_gmt":"2016-02-23T15:52:58","guid":{"rendered":"https:\/\/jafep.com\/?post_type=product&#038;p=2305"},"modified":"2023-05-09T07:36:34","modified_gmt":"2023-05-09T07:36:34","slug":"quitaplast-decapant-peinture-gouttelette","status":"publish","type":"product","link":"https:\/\/jafep.com\/fr\/producto\/quitaplast-decapant-peinture-gouttelette\/","title":{"rendered":"Quitaplast &#8211; D\u00e9capant Peinture Gouttelette"},"content":{"rendered":"<p>Gel thixotrope, d\u00e9capant pour peinture \u00e0 base d&#8217;eau, trempes plastifi\u00e9es, plastiques gouttables, rev\u00eatements, etc. <\/p>\n","protected":false},"excerpt":{"rendered":"<p>Gel thixotrope, d\u00e9capant pour peinture \u00e0 base d&#8217;eau, trempes plastifi\u00e9es, plastiques gouttables, rev\u00eatements, etc.<\/p>\n","protected":false},"featured_media":82659,"comment_status":"closed","ping_status":"closed","template":"","meta":{"_acf_changed":false,"_links_to":"","_links_to_target":""},"product_brand":[],"product_cat":[1303,557],"product_tag":[],"class_list":{"0":"post-2305","1":"product","2":"type-product","3":"status-publish","4":"has-post-thumbnail","6":"product_cat-complements-fr","7":"product_cat-solutions-pour-la-peinture-gouttelette","8":"pa_formatos-15l-fr","9":"pa_formatos-4l-fr","10":"pa_formatos-750ml-fr","11":"pa_herramientas-brocha-fr","12":"pa_herramientas-brocha-esmalte-barniz-acrilico-microfibra-fr","13":"pa_herramientas-rodillo-fr-2","14":"pa_iconos-1-base-agua-fr","15":"pa_iconos-40-brocha-rodillo-fr","16":"pa_iconos-46-interior-fr","18":"first","19":"instock","20":"shipping-taxable","21":"product-type-simple"},"acf":[],"_links":{"self":[{"href":"https:\/\/jafep.com\/fr\/wp-json\/wp\/v2\/product\/2305","targetHints":{"allow":["GET"]}}],"collection":[{"href":"https:\/\/jafep.com\/fr\/wp-json\/wp\/v2\/product"}],"about":[{"href":"https:\/\/jafep.com\/fr\/wp-json\/wp\/v2\/types\/product"}],"replies":[{"embeddable":true,"href":"https:\/\/jafep.com\/fr\/wp-json\/wp\/v2\/comments?post=2305"}],"wp:featuredmedia":[{"embeddable":true,"href":"https:\/\/jafep.com\/fr\/wp-json\/wp\/v2\/media\/82659"}],"wp:attachment":[{"href":"https:\/\/jafep.com\/fr\/wp-json\/wp\/v2\/media?parent=2305"}],"wp:term":[{"taxonomy":"product_brand","embeddable":true,"href":"https:\/\/jafep.com\/fr\/wp-json\/wp\/v2\/product_brand?post=2305"},{"taxonomy":"product_cat","embeddable":true,"href":"https:\/\/jafep.com\/fr\/wp-json\/wp\/v2\/product_cat?post=2305"},{"taxonomy":"product_tag","embeddable":true,"href":"https:\/\/jafep.com\/fr\/wp-json\/wp\/v2\/product_tag?post=2305"}],"curies":[{"name":"wp","href":"https:\/\/api.w.org\/{rel}","templated":true}]}}