{"id":2300,"date":"2016-02-05T15:06:43","date_gmt":"2016-02-23T15:49:25","guid":{"rendered":"https:\/\/jafep.com\/?post_type=product&#038;p=2300"},"modified":"2016-02-23T15:49:25","modified_gmt":"2016-02-23T15:49:25","slug":"alcool-a-bruiler","status":"publish","type":"product","link":"https:\/\/jafep.com\/fr\/producto\/alcool-a-bruiler\/","title":{"rendered":"Alcool \u00e0 Br\u00fbiler"},"content":{"rendered":"<p>Id\u00e9ale pour le nettoyage g\u00e9n\u00e9ral <\/p>\n","protected":false},"excerpt":{"rendered":"<p>Id\u00e9ale pour le nettoyage g\u00e9n\u00e9ral<\/p>\n","protected":false},"featured_media":82644,"comment_status":"closed","ping_status":"closed","template":"","meta":{"_acf_changed":false,"_links_to":"","_links_to_target":""},"product_brand":[],"product_cat":[27],"product_tag":[],"class_list":{"0":"post-2300","1":"product","2":"type-product","3":"status-publish","4":"has-post-thumbnail","6":"product_cat-esmaltes-imprimaciones-y-selladoras","7":"pa_formatos-1l-fr","9":"first","10":"instock","11":"shipping-taxable","12":"product-type-simple"},"acf":[],"_links":{"self":[{"href":"https:\/\/jafep.com\/fr\/wp-json\/wp\/v2\/product\/2300","targetHints":{"allow":["GET"]}}],"collection":[{"href":"https:\/\/jafep.com\/fr\/wp-json\/wp\/v2\/product"}],"about":[{"href":"https:\/\/jafep.com\/fr\/wp-json\/wp\/v2\/types\/product"}],"replies":[{"embeddable":true,"href":"https:\/\/jafep.com\/fr\/wp-json\/wp\/v2\/comments?post=2300"}],"wp:featuredmedia":[{"embeddable":true,"href":"https:\/\/jafep.com\/fr\/wp-json\/wp\/v2\/media\/82644"}],"wp:attachment":[{"href":"https:\/\/jafep.com\/fr\/wp-json\/wp\/v2\/media?parent=2300"}],"wp:term":[{"taxonomy":"product_brand","embeddable":true,"href":"https:\/\/jafep.com\/fr\/wp-json\/wp\/v2\/product_brand?post=2300"},{"taxonomy":"product_cat","embeddable":true,"href":"https:\/\/jafep.com\/fr\/wp-json\/wp\/v2\/product_cat?post=2300"},{"taxonomy":"product_tag","embeddable":true,"href":"https:\/\/jafep.com\/fr\/wp-json\/wp\/v2\/product_tag?post=2300"}],"curies":[{"name":"wp","href":"https:\/\/api.w.org\/{rel}","templated":true}]}}