{"id":2292,"date":"2016-02-23T15:44:42","date_gmt":"2016-02-23T15:44:42","guid":{"rendered":"https:\/\/jafep.com\/?post_type=product&#038;p=2292"},"modified":"2016-03-18T10:47:11","modified_gmt":"2016-03-18T10:47:11","slug":"ammoniac-parfume-avec-detergent","status":"publish","type":"product","link":"https:\/\/jafep.com\/fr\/producto\/ammoniac-parfume-avec-detergent\/","title":{"rendered":"Ammoniac parfum\u00e9 avec d\u00e9tergent"},"content":{"rendered":"<p>Nettoyant d\u00e9graissant. <\/p>\n","protected":false},"excerpt":{"rendered":"<p>Nettoyant d\u00e9graissant.<\/p>\n","protected":false},"featured_media":0,"comment_status":"closed","ping_status":"closed","template":"","meta":{"_acf_changed":false,"_links_to":"","_links_to_target":""},"product_brand":[],"product_cat":[527],"product_tag":[],"class_list":{"0":"post-2292","1":"product","2":"type-product","3":"status-publish","5":"product_cat-produits-complementaires-fr","6":"pa_formatos-1l-fr","8":"first","9":"instock","10":"shipping-taxable","11":"product-type-simple"},"acf":[],"_links":{"self":[{"href":"https:\/\/jafep.com\/fr\/wp-json\/wp\/v2\/product\/2292","targetHints":{"allow":["GET"]}}],"collection":[{"href":"https:\/\/jafep.com\/fr\/wp-json\/wp\/v2\/product"}],"about":[{"href":"https:\/\/jafep.com\/fr\/wp-json\/wp\/v2\/types\/product"}],"replies":[{"embeddable":true,"href":"https:\/\/jafep.com\/fr\/wp-json\/wp\/v2\/comments?post=2292"}],"wp:attachment":[{"href":"https:\/\/jafep.com\/fr\/wp-json\/wp\/v2\/media?parent=2292"}],"wp:term":[{"taxonomy":"product_brand","embeddable":true,"href":"https:\/\/jafep.com\/fr\/wp-json\/wp\/v2\/product_brand?post=2292"},{"taxonomy":"product_cat","embeddable":true,"href":"https:\/\/jafep.com\/fr\/wp-json\/wp\/v2\/product_cat?post=2292"},{"taxonomy":"product_tag","embeddable":true,"href":"https:\/\/jafep.com\/fr\/wp-json\/wp\/v2\/product_tag?post=2292"}],"curies":[{"name":"wp","href":"https:\/\/api.w.org\/{rel}","templated":true}]}}