{"id":2285,"date":"2016-02-05T14:47:07","date_gmt":"2016-02-23T15:41:05","guid":{"rendered":"https:\/\/jafep.com\/?post_type=product&#038;p=2285"},"modified":"2023-05-09T07:27:51","modified_gmt":"2023-05-09T07:27:51","slug":"decapant-gel-jafep","status":"publish","type":"product","link":"https:\/\/jafep.com\/fr\/producto\/decapant-gel-jafep\/","title":{"rendered":"D\u00e9capant Gel"},"content":{"rendered":"<p>D\u00e9capant universel qu&#8217;\u00e9limine tout type de peinture de fa\u00e7on rapide, pratique, efficace et sans \u00e9claboussure.\u00a0Sans Chlorure de M\u00e9thyl\u00e8ne <\/p>\n","protected":false},"excerpt":{"rendered":"<p>Gel D\u00e9capant <\/p>\n","protected":false},"featured_media":82639,"comment_status":"closed","ping_status":"closed","template":"","meta":{"_acf_changed":false,"_links_to":"","_links_to_target":""},"product_brand":[],"product_cat":[1303],"product_tag":[],"class_list":{"0":"post-2285","1":"product","2":"type-product","3":"status-publish","4":"has-post-thumbnail","6":"product_cat-complements-fr","7":"pa_formatos-750ml-fr","8":"pa_herramientas-brocha-esmalte-barniz-acrilico-microfibra-fr","9":"pa_iconos-rendimiento-4-7-m2-l-fr","11":"first","12":"instock","13":"shipping-taxable","14":"product-type-simple"},"acf":[],"_links":{"self":[{"href":"https:\/\/jafep.com\/fr\/wp-json\/wp\/v2\/product\/2285","targetHints":{"allow":["GET"]}}],"collection":[{"href":"https:\/\/jafep.com\/fr\/wp-json\/wp\/v2\/product"}],"about":[{"href":"https:\/\/jafep.com\/fr\/wp-json\/wp\/v2\/types\/product"}],"replies":[{"embeddable":true,"href":"https:\/\/jafep.com\/fr\/wp-json\/wp\/v2\/comments?post=2285"}],"wp:featuredmedia":[{"embeddable":true,"href":"https:\/\/jafep.com\/fr\/wp-json\/wp\/v2\/media\/82639"}],"wp:attachment":[{"href":"https:\/\/jafep.com\/fr\/wp-json\/wp\/v2\/media?parent=2285"}],"wp:term":[{"taxonomy":"product_brand","embeddable":true,"href":"https:\/\/jafep.com\/fr\/wp-json\/wp\/v2\/product_brand?post=2285"},{"taxonomy":"product_cat","embeddable":true,"href":"https:\/\/jafep.com\/fr\/wp-json\/wp\/v2\/product_cat?post=2285"},{"taxonomy":"product_tag","embeddable":true,"href":"https:\/\/jafep.com\/fr\/wp-json\/wp\/v2\/product_tag?post=2285"}],"curies":[{"name":"wp","href":"https:\/\/api.w.org\/{rel}","templated":true}]}}