{"id":2279,"date":"2015-09-03T09:56:12","date_gmt":"2016-02-23T15:37:37","guid":{"rendered":"https:\/\/jafep.com\/?post_type=product&#038;p=2279"},"modified":"2023-05-09T07:16:58","modified_gmt":"2023-05-09T07:16:58","slug":"convertisseur-de-rouille-a-leau-opaque","status":"publish","type":"product","link":"https:\/\/jafep.com\/fr\/producto\/convertisseur-de-rouille-a-leau-opaque\/","title":{"rendered":"Traitement Anti-Rouille. Opaque."},"content":{"rendered":"<p>Stoppe la progression de la rouille sur les surfaces m\u00e9talliques \u00e0 travers une r\u00e9action chimique qui transforme l\u2019oxyde de fer en un complexe m\u00e9tallique noir. <\/p>\n","protected":false},"excerpt":{"rendered":"<p>Convertisseur de Rouille en phase aqueuse. Opaque <\/p>\n","protected":false},"featured_media":83774,"comment_status":"closed","ping_status":"closed","template":"","meta":{"_acf_changed":false,"_links_to":"","_links_to_target":""},"product_brand":[],"product_cat":[1548,1585,1510,1303,1512,777,778],"product_tag":[],"class_list":{"0":"post-2279","1":"product","2":"type-product","3":"status-publish","4":"has-post-thumbnail","6":"product_cat-avant-de-peindre-fr-3","7":"product_cat-avant-de-peindre-fr-4","8":"product_cat-avant-de-peindre-fr-2","9":"product_cat-complements-fr","10":"product_cat-eliminer-la-rouille","11":"product_cat-mobiliario-de-jardin-fr","12":"product_cat-oxido-fr","13":"pa_formatos-250ml-fr","14":"pa_formatos-750ml-fr","15":"pa_herramientas-airless-fr","16":"pa_herramientas-brocha-fr","17":"pa_herramientas-brocha-esmalte-barniz-acrilico-microfibra-fr","18":"pa_herramientas-pistola-fr","19":"pa_herramientas-rodillo-fr-2","20":"pa_iconos-1-base-agua-fr","21":"pa_iconos-45-exterior-interior-fr","23":"first","24":"instock","25":"shipping-taxable","26":"product-type-simple"},"acf":[],"_links":{"self":[{"href":"https:\/\/jafep.com\/fr\/wp-json\/wp\/v2\/product\/2279","targetHints":{"allow":["GET"]}}],"collection":[{"href":"https:\/\/jafep.com\/fr\/wp-json\/wp\/v2\/product"}],"about":[{"href":"https:\/\/jafep.com\/fr\/wp-json\/wp\/v2\/types\/product"}],"replies":[{"embeddable":true,"href":"https:\/\/jafep.com\/fr\/wp-json\/wp\/v2\/comments?post=2279"}],"wp:featuredmedia":[{"embeddable":true,"href":"https:\/\/jafep.com\/fr\/wp-json\/wp\/v2\/media\/83774"}],"wp:attachment":[{"href":"https:\/\/jafep.com\/fr\/wp-json\/wp\/v2\/media?parent=2279"}],"wp:term":[{"taxonomy":"product_brand","embeddable":true,"href":"https:\/\/jafep.com\/fr\/wp-json\/wp\/v2\/product_brand?post=2279"},{"taxonomy":"product_cat","embeddable":true,"href":"https:\/\/jafep.com\/fr\/wp-json\/wp\/v2\/product_cat?post=2279"},{"taxonomy":"product_tag","embeddable":true,"href":"https:\/\/jafep.com\/fr\/wp-json\/wp\/v2\/product_tag?post=2279"}],"curies":[{"name":"wp","href":"https:\/\/api.w.org\/{rel}","templated":true}]}}