{"id":2278,"date":"2016-02-05T14:38:41","date_gmt":"2016-02-23T15:36:14","guid":{"rendered":"https:\/\/jafep.com\/?post_type=product&#038;p=2278"},"modified":"2025-06-24T08:35:14","modified_gmt":"2025-06-24T08:35:14","slug":"tintures-universelles-jafep","status":"publish","type":"product","link":"https:\/\/jafep.com\/fr\/producto\/tintures-universelles-jafep\/","title":{"rendered":"Tintures Universelles JAFEP"},"content":{"rendered":"<p>Colorant concentr\u00e9 pour peintures plastiques \u00e0 l&#8217;eau, peintures \u00e0 la d\u00e9trempe, \u00e9maux, acryliques, caoutchoucs chlor\u00e9s, etc. R\u00e9sistants \u00e0 la lumi\u00e8re et aux intemp\u00e9ries selon les teintes.<\/p>\n","protected":false},"excerpt":{"rendered":"<p>Colorant concentr\u00e9 pour peintures plastiques \u00e0 l&#8217;eau, peintures \u00e0 la d\u00e9trempe, \u00e9maux, acryliques, caoutchoucs chlor\u00e9s, etc. R\u00e9sistants \u00e0 la lumi\u00e8re et aux intemp\u00e9ries selon les teintes.<\/p>\n","protected":false},"featured_media":82634,"comment_status":"closed","ping_status":"closed","template":"","meta":{"_acf_changed":false,"_links_to":"","_links_to_target":""},"product_brand":[],"product_cat":[1302],"product_tag":[],"class_list":{"0":"post-2278","1":"product","2":"type-product","3":"status-publish","4":"has-post-thumbnail","6":"product_cat-colorants-fr","7":"pa_formatos-250ml-fr","8":"pa_formatos-60ml-fr","9":"pa_iconos-1-base-agua-fr","11":"first","12":"instock","13":"shipping-taxable","14":"product-type-simple"},"acf":[],"_links":{"self":[{"href":"https:\/\/jafep.com\/fr\/wp-json\/wp\/v2\/product\/2278","targetHints":{"allow":["GET"]}}],"collection":[{"href":"https:\/\/jafep.com\/fr\/wp-json\/wp\/v2\/product"}],"about":[{"href":"https:\/\/jafep.com\/fr\/wp-json\/wp\/v2\/types\/product"}],"replies":[{"embeddable":true,"href":"https:\/\/jafep.com\/fr\/wp-json\/wp\/v2\/comments?post=2278"}],"wp:featuredmedia":[{"embeddable":true,"href":"https:\/\/jafep.com\/fr\/wp-json\/wp\/v2\/media\/82634"}],"wp:attachment":[{"href":"https:\/\/jafep.com\/fr\/wp-json\/wp\/v2\/media?parent=2278"}],"wp:term":[{"taxonomy":"product_brand","embeddable":true,"href":"https:\/\/jafep.com\/fr\/wp-json\/wp\/v2\/product_brand?post=2278"},{"taxonomy":"product_cat","embeddable":true,"href":"https:\/\/jafep.com\/fr\/wp-json\/wp\/v2\/product_cat?post=2278"},{"taxonomy":"product_tag","embeddable":true,"href":"https:\/\/jafep.com\/fr\/wp-json\/wp\/v2\/product_tag?post=2278"}],"curies":[{"name":"wp","href":"https:\/\/api.w.org\/{rel}","templated":true}]}}