{"id":2268,"date":"2016-02-05T12:32:45","date_gmt":"2016-02-23T15:25:00","guid":{"rendered":"https:\/\/jafep.com\/?post_type=product&#038;p=2268"},"modified":"2016-03-18T10:20:53","modified_gmt":"2016-03-18T10:20:53","slug":"pate-a-la-detrempe-lisse-jafep","status":"publish","type":"product","link":"https:\/\/jafep.com\/fr\/producto\/pate-a-la-detrempe-lisse-jafep\/","title":{"rendered":"P\u00e2te \u00e0 la d\u00e9trempe Lisse JAFEP"},"content":{"rendered":"","protected":false},"excerpt":{"rendered":"","protected":false},"featured_media":82604,"comment_status":"closed","ping_status":"closed","template":"","meta":{"_acf_changed":false,"_links_to":"","_links_to_target":""},"product_brand":[],"product_cat":[27],"product_tag":[],"class_list":{"0":"post-2268","1":"product","2":"type-product","3":"status-publish","4":"has-post-thumbnail","6":"product_cat-esmaltes-imprimaciones-y-selladoras","7":"pa_formatos-1kg-fr","8":"pa_formatos-25kg-fr","9":"pa_formatos-2kg-fr","10":"pa_formatos-5kg-fr","11":"pa_herramientas-rodillo-iinterior-100-microfibra-de-11mm-fr","12":"pa_herramientas-rodillo-interior-poliamida-de-11mm-fr","14":"first","15":"instock","16":"shipping-taxable","17":"product-type-simple"},"acf":[],"_links":{"self":[{"href":"https:\/\/jafep.com\/fr\/wp-json\/wp\/v2\/product\/2268","targetHints":{"allow":["GET"]}}],"collection":[{"href":"https:\/\/jafep.com\/fr\/wp-json\/wp\/v2\/product"}],"about":[{"href":"https:\/\/jafep.com\/fr\/wp-json\/wp\/v2\/types\/product"}],"replies":[{"embeddable":true,"href":"https:\/\/jafep.com\/fr\/wp-json\/wp\/v2\/comments?post=2268"}],"wp:featuredmedia":[{"embeddable":true,"href":"https:\/\/jafep.com\/fr\/wp-json\/wp\/v2\/media\/82604"}],"wp:attachment":[{"href":"https:\/\/jafep.com\/fr\/wp-json\/wp\/v2\/media?parent=2268"}],"wp:term":[{"taxonomy":"product_brand","embeddable":true,"href":"https:\/\/jafep.com\/fr\/wp-json\/wp\/v2\/product_brand?post=2268"},{"taxonomy":"product_cat","embeddable":true,"href":"https:\/\/jafep.com\/fr\/wp-json\/wp\/v2\/product_cat?post=2268"},{"taxonomy":"product_tag","embeddable":true,"href":"https:\/\/jafep.com\/fr\/wp-json\/wp\/v2\/product_tag?post=2268"}],"curies":[{"name":"wp","href":"https:\/\/api.w.org\/{rel}","templated":true}]}}