{"id":2267,"date":"2016-02-05T12:18:42","date_gmt":"2016-02-23T15:23:34","guid":{"rendered":"https:\/\/jafep.com\/?post_type=product&#038;p=2267"},"modified":"2023-05-08T11:15:17","modified_gmt":"2023-05-08T11:15:17","slug":"vernis-sols-wb","status":"publish","type":"product","link":"https:\/\/jafep.com\/fr\/producto\/vernis-sols-wb\/","title":{"rendered":"Vernis Sols WB"},"content":{"rendered":"<p>Prot\u00e8ge, d\u00e9core et conserve le sol imprim\u00e9. Excellente protection pour rev\u00eatements \u00e9lastiques. Offre protection a beaucoup de materiaux de construction. <\/p>\n","protected":false},"excerpt":{"rendered":"<p>Prot\u00e8ge, d\u00e9core et conserve le sol imprim\u00e9. Excellente protection pour rev\u00eatements \u00e9lastiques. Offre protection a beaucoup de materiaux de construction.<\/p>\n","protected":false},"featured_media":82589,"comment_status":"closed","ping_status":"closed","template":"","meta":{"_acf_changed":false,"_links_to":"","_links_to_target":""},"product_brand":[],"product_cat":[1411,1405],"product_tag":[],"class_list":{"0":"post-2267","1":"product","2":"type-product","3":"status-publish","4":"has-post-thumbnail","6":"product_cat-sols-et-signalisations-fr-2","7":"product_cat-sols-et-signalisations-fr","8":"pa_formatos-15l-fr","9":"pa_formatos-4l-fr","10":"pa_herramientas-airless-fr","11":"pa_herramientas-pistola-fr","12":"pa_herramientas-rodillo-fr-2","13":"pa_iconos-1-base-agua-fr","14":"pa_iconos-34-rendimiento-de-10-12-m2l-fr","15":"pa_iconos-45-exterior-interior-fr","17":"first","18":"instock","19":"shipping-taxable","20":"product-type-simple"},"acf":[],"_links":{"self":[{"href":"https:\/\/jafep.com\/fr\/wp-json\/wp\/v2\/product\/2267","targetHints":{"allow":["GET"]}}],"collection":[{"href":"https:\/\/jafep.com\/fr\/wp-json\/wp\/v2\/product"}],"about":[{"href":"https:\/\/jafep.com\/fr\/wp-json\/wp\/v2\/types\/product"}],"replies":[{"embeddable":true,"href":"https:\/\/jafep.com\/fr\/wp-json\/wp\/v2\/comments?post=2267"}],"wp:featuredmedia":[{"embeddable":true,"href":"https:\/\/jafep.com\/fr\/wp-json\/wp\/v2\/media\/82589"}],"wp:attachment":[{"href":"https:\/\/jafep.com\/fr\/wp-json\/wp\/v2\/media?parent=2267"}],"wp:term":[{"taxonomy":"product_brand","embeddable":true,"href":"https:\/\/jafep.com\/fr\/wp-json\/wp\/v2\/product_brand?post=2267"},{"taxonomy":"product_cat","embeddable":true,"href":"https:\/\/jafep.com\/fr\/wp-json\/wp\/v2\/product_cat?post=2267"},{"taxonomy":"product_tag","embeddable":true,"href":"https:\/\/jafep.com\/fr\/wp-json\/wp\/v2\/product_tag?post=2267"}],"curies":[{"name":"wp","href":"https:\/\/api.w.org\/{rel}","templated":true}]}}