{"id":2265,"date":"2016-02-05T12:25:22","date_gmt":"2016-02-23T15:22:50","guid":{"rendered":"https:\/\/jafep.com\/?post_type=product&#038;p=2265"},"modified":"2023-05-08T11:40:01","modified_gmt":"2023-05-08T11:40:01","slug":"vernis-acrylique-au-solvant","status":"publish","type":"product","link":"https:\/\/jafep.com\/fr\/producto\/vernis-acrylique-au-solvant\/","title":{"rendered":"Vernis Acrylique au Solvant"},"content":{"rendered":"<p>Vernis acrylique incolore et transparent \u00e0 tr\u00e8s faible viscosit\u00e9 et pr\u00e9par\u00e9 dans des solvants organiques.<\/p>\n<p>En raison de sa teneur en r\u00e9sines acryliques modifi\u00e9es, il est utile pour la protection du b\u00e9ton et d&#8217;autres surfaces de construction contre les \u00e9l\u00e9ments environnementaux agressifs, principalement le CO2.<\/p>\n<p>Produit avec une tr\u00e8s bonne p\u00e9n\u00e9tration dans les supports poreux. Bonne r\u00e9sistance aux intemp\u00e9ries.<\/p>\n<p>Bonne r\u00e9sistance chimique. Bonne adh\u00e9rence sur pierre, brique, b\u00e9ton, etc. <\/p>\n","protected":false},"excerpt":{"rendered":"<p>Vernis acrylique incolore et transparent \u00e0 tr\u00e8s faible viscosit\u00e9 et pr\u00e9par\u00e9 dans des solvants organiques. En raison de sa teneur en r\u00e9sines acryliques modifi\u00e9es, il est utile pour la protection du b\u00e9ton et d&#8217;autres surfaces de construction contre les \u00e9l\u00e9ments environnementaux agressifs, principalement le CO2. Produit avec une tr\u00e8s bonne p\u00e9n\u00e9tration dans les supports poreux&#8230;.<\/p>\n","protected":false},"featured_media":82599,"comment_status":"closed","ping_status":"closed","template":"","meta":{"_acf_changed":false,"_links_to":"","_links_to_target":""},"product_brand":[],"product_cat":[1405,1411],"product_tag":[],"class_list":{"0":"post-2265","1":"product","2":"type-product","3":"status-publish","4":"has-post-thumbnail","6":"product_cat-sols-et-signalisations-fr","7":"product_cat-sols-et-signalisations-fr-2","8":"pa_formatos-1l-fr","9":"pa_formatos-20l-fr","10":"pa_formatos-5l-fr","11":"pa_herramientas-brocha-fr","12":"pa_herramientas-brocha-esmalte-barniz-acrilico-microfibra-fr","13":"pa_herramientas-pistola-fr","14":"pa_herramientas-rodillo-fr-2","15":"pa_herramientas-rodillo-esmalte-barniz-sintetico-y-acrilico-100-espuma-densidad-60-fr","16":"pa_herramientas-rodillo-esmalte-barniz-acrilico-microfibra-8-mm-fr","17":"pa_iconos-2-base-solvente-fr","18":"pa_iconos-41-brocha-rodillo-pistola-fr","19":"pa_iconos-45-exterior-interior-fr","20":"pa_iconos-rendimiento-6-8-m2l-fr","22":"first","23":"instock","24":"shipping-taxable","25":"product-type-simple"},"acf":[],"_links":{"self":[{"href":"https:\/\/jafep.com\/fr\/wp-json\/wp\/v2\/product\/2265","targetHints":{"allow":["GET"]}}],"collection":[{"href":"https:\/\/jafep.com\/fr\/wp-json\/wp\/v2\/product"}],"about":[{"href":"https:\/\/jafep.com\/fr\/wp-json\/wp\/v2\/types\/product"}],"replies":[{"embeddable":true,"href":"https:\/\/jafep.com\/fr\/wp-json\/wp\/v2\/comments?post=2265"}],"wp:featuredmedia":[{"embeddable":true,"href":"https:\/\/jafep.com\/fr\/wp-json\/wp\/v2\/media\/82599"}],"wp:attachment":[{"href":"https:\/\/jafep.com\/fr\/wp-json\/wp\/v2\/media?parent=2265"}],"wp:term":[{"taxonomy":"product_brand","embeddable":true,"href":"https:\/\/jafep.com\/fr\/wp-json\/wp\/v2\/product_brand?post=2265"},{"taxonomy":"product_cat","embeddable":true,"href":"https:\/\/jafep.com\/fr\/wp-json\/wp\/v2\/product_cat?post=2265"},{"taxonomy":"product_tag","embeddable":true,"href":"https:\/\/jafep.com\/fr\/wp-json\/wp\/v2\/product_tag?post=2265"}],"curies":[{"name":"wp","href":"https:\/\/api.w.org\/{rel}","templated":true}]}}