{"id":2261,"date":"2016-02-05T12:08:14","date_gmt":"2016-02-05T12:08:14","guid":{"rendered":"https:\/\/jafep.com\/?post_type=product&#038;p=2261"},"modified":"2023-05-09T07:11:33","modified_gmt":"2023-05-09T07:11:33","slug":"jafepox-54-resine-epoxy-catalyseur","status":"publish","type":"product","link":"https:\/\/jafep.com\/fr\/producto\/jafepox-54-resine-epoxy-catalyseur\/","title":{"rendered":"Jafepox 54 r\u00e9sine \u00e9poxy+ Catalyseur"},"content":{"rendered":"<p>Impression, encollage et r\u00e9paration de sols et des murs en b\u00e9ton. <\/p>\n","protected":false},"excerpt":{"rendered":"<p>Impression, encollage et r\u00e9paration de sols et des murs en b\u00e9ton.<\/p>\n","protected":false},"featured_media":82584,"comment_status":"closed","ping_status":"closed","template":"","meta":{"_acf_changed":false,"_links_to":"","_links_to_target":""},"product_brand":[],"product_cat":[817,1436,1463,1457,1405,1408],"product_tag":[],"class_list":{"0":"post-2261","1":"product","2":"type-product","3":"status-publish","4":"has-post-thumbnail","6":"product_cat-imprimar-fr","7":"product_cat-reparer-les-sols","8":"product_cat-sceller","9":"product_cat-sols","10":"product_cat-sols-et-signalisations-fr","11":"product_cat-sols-primaries","12":"pa_herramientas-airless-fr","13":"pa_herramientas-brocha-fr","14":"pa_herramientas-pistola-fr","15":"pa_herramientas-rodillo-fr-2","16":"pa_iconos-2-base-solvente-fr","17":"pa_iconos-45-exterior-interior-fr","18":"pa_iconos-a-b-fr","19":"pa_iconos-rendimiento-4-5-m2-l-fr","21":"first","22":"instock","23":"shipping-taxable","24":"product-type-simple"},"acf":[],"_links":{"self":[{"href":"https:\/\/jafep.com\/fr\/wp-json\/wp\/v2\/product\/2261","targetHints":{"allow":["GET"]}}],"collection":[{"href":"https:\/\/jafep.com\/fr\/wp-json\/wp\/v2\/product"}],"about":[{"href":"https:\/\/jafep.com\/fr\/wp-json\/wp\/v2\/types\/product"}],"replies":[{"embeddable":true,"href":"https:\/\/jafep.com\/fr\/wp-json\/wp\/v2\/comments?post=2261"}],"wp:featuredmedia":[{"embeddable":true,"href":"https:\/\/jafep.com\/fr\/wp-json\/wp\/v2\/media\/82584"}],"wp:attachment":[{"href":"https:\/\/jafep.com\/fr\/wp-json\/wp\/v2\/media?parent=2261"}],"wp:term":[{"taxonomy":"product_brand","embeddable":true,"href":"https:\/\/jafep.com\/fr\/wp-json\/wp\/v2\/product_brand?post=2261"},{"taxonomy":"product_cat","embeddable":true,"href":"https:\/\/jafep.com\/fr\/wp-json\/wp\/v2\/product_cat?post=2261"},{"taxonomy":"product_tag","embeddable":true,"href":"https:\/\/jafep.com\/fr\/wp-json\/wp\/v2\/product_tag?post=2261"}],"curies":[{"name":"wp","href":"https:\/\/api.w.org\/{rel}","templated":true}]}}