{"id":2259,"date":"2016-02-05T12:04:06","date_gmt":"2016-02-23T15:13:27","guid":{"rendered":"https:\/\/jafep.com\/?post_type=product&#038;p=2259"},"modified":"2023-05-09T07:03:58","modified_gmt":"2023-05-09T07:03:58","slug":"jafepox-40-enduit-epoxy-thixotrope-catalyseur","status":"publish","type":"product","link":"https:\/\/jafep.com\/fr\/producto\/jafepox-40-enduit-epoxy-thixotrope-catalyseur\/","title":{"rendered":"Jafepox 40 enduit \u00e9poxy  Thixotrope + Catalyseur"},"content":{"rendered":"<p>R\u00e9paration des sols et murs en b\u00e9ton pour \u00e9caillements, creux et fissures. <\/p>\n","protected":false},"excerpt":{"rendered":"<p>R\u00e9paration des sols et murs en b\u00e9ton pour \u00e9caillements, creux et fissures.<\/p>\n","protected":false},"featured_media":82579,"comment_status":"closed","ping_status":"closed","template":"","meta":{"_acf_changed":false,"_links_to":"","_links_to_target":""},"product_brand":[],"product_cat":[1405,1408],"product_tag":[],"class_list":{"0":"post-2259","1":"product","2":"type-product","3":"status-publish","4":"has-post-thumbnail","6":"product_cat-sols-et-signalisations-fr","7":"product_cat-sols-primaries","8":"pa_formatos-5kg-fr","9":"pa_herramientas-llana-fr","10":"pa_iconos-2-base-solvente-fr","11":"pa_iconos-45-exterior-interior-fr","12":"pa_iconos-51-mate-60o-fr","13":"pa_iconos-a-b-fr","14":"pa_iconos-mate-fr","16":"first","17":"instock","18":"shipping-taxable","19":"product-type-simple"},"acf":[],"_links":{"self":[{"href":"https:\/\/jafep.com\/fr\/wp-json\/wp\/v2\/product\/2259","targetHints":{"allow":["GET"]}}],"collection":[{"href":"https:\/\/jafep.com\/fr\/wp-json\/wp\/v2\/product"}],"about":[{"href":"https:\/\/jafep.com\/fr\/wp-json\/wp\/v2\/types\/product"}],"replies":[{"embeddable":true,"href":"https:\/\/jafep.com\/fr\/wp-json\/wp\/v2\/comments?post=2259"}],"wp:featuredmedia":[{"embeddable":true,"href":"https:\/\/jafep.com\/fr\/wp-json\/wp\/v2\/media\/82579"}],"wp:attachment":[{"href":"https:\/\/jafep.com\/fr\/wp-json\/wp\/v2\/media?parent=2259"}],"wp:term":[{"taxonomy":"product_brand","embeddable":true,"href":"https:\/\/jafep.com\/fr\/wp-json\/wp\/v2\/product_brand?post=2259"},{"taxonomy":"product_cat","embeddable":true,"href":"https:\/\/jafep.com\/fr\/wp-json\/wp\/v2\/product_cat?post=2259"},{"taxonomy":"product_tag","embeddable":true,"href":"https:\/\/jafep.com\/fr\/wp-json\/wp\/v2\/product_tag?post=2259"}],"curies":[{"name":"wp","href":"https:\/\/api.w.org\/{rel}","templated":true}]}}