{"id":2256,"date":"2016-02-08T15:52:11","date_gmt":"2016-02-23T15:11:03","guid":{"rendered":"https:\/\/jafep.com\/?post_type=product&#038;p=2256"},"modified":"2021-06-14T07:28:04","modified_gmt":"2021-06-14T07:28:04","slug":"vernis-polyurethane-brillante-catalytique","status":"publish","type":"product","link":"https:\/\/jafep.com\/fr\/producto\/vernis-polyurethane-brillante-catalytique\/","title":{"rendered":"Vernis Polyur\u00e9thane Brillant + Catalytique"},"content":{"rendered":"<p>Vernis polyur\u00e9thane (Hydroxy Acrylique) combinable avec des isocyanates pour les surfaces en b\u00e9ton et autres mat\u00e9riaux soumis \u00e0 une forte abrasion, \u00e9vitant leur d\u00e9gradation. Finition brillante et souple. Excellent brossage et bon nivellement. <\/p>\n","protected":false},"excerpt":{"rendered":"<p>Vernis polyur\u00e9thane (Hydroxy Acrylique) combinable avec des isocyanates pour les surfaces en b\u00e9ton et autres mat\u00e9riaux soumis \u00e0 une forte abrasion, \u00e9vitant leur d\u00e9gradation. Finition brillante et souple. Excellent brossage et bon nivellement.<\/p>\n","protected":false},"featured_media":86005,"comment_status":"closed","ping_status":"closed","template":"","meta":{"_acf_changed":false,"_links_to":"","_links_to_target":""},"product_brand":[],"product_cat":[1543,1455,1544,1436,1542,1405],"product_tag":[],"class_list":{"0":"post-2256","1":"product","2":"type-product","3":"status-publish","4":"has-post-thumbnail","6":"product_cat-peindre-le-sol","7":"product_cat-peindre-les-sols","8":"product_cat-reparer-le-sol","9":"product_cat-reparer-les-sols","10":"product_cat-sols-fr","11":"product_cat-sols-et-signalisations-fr","12":"pa_herramientas-brocha-fr","13":"pa_herramientas-pistola-fr","14":"pa_herramientas-rodillo-fr-2","15":"pa_iconos-2-base-solvente-fr","16":"pa_iconos-30-rendimiento-12-14-m2-fr","17":"pa_iconos-41-brocha-rodillo-pistola-fr","18":"pa_iconos-brillant","20":"first","21":"instock","22":"shipping-taxable","23":"product-type-simple"},"acf":[],"_links":{"self":[{"href":"https:\/\/jafep.com\/fr\/wp-json\/wp\/v2\/product\/2256","targetHints":{"allow":["GET"]}}],"collection":[{"href":"https:\/\/jafep.com\/fr\/wp-json\/wp\/v2\/product"}],"about":[{"href":"https:\/\/jafep.com\/fr\/wp-json\/wp\/v2\/types\/product"}],"replies":[{"embeddable":true,"href":"https:\/\/jafep.com\/fr\/wp-json\/wp\/v2\/comments?post=2256"}],"wp:featuredmedia":[{"embeddable":true,"href":"https:\/\/jafep.com\/fr\/wp-json\/wp\/v2\/media\/86005"}],"wp:attachment":[{"href":"https:\/\/jafep.com\/fr\/wp-json\/wp\/v2\/media?parent=2256"}],"wp:term":[{"taxonomy":"product_brand","embeddable":true,"href":"https:\/\/jafep.com\/fr\/wp-json\/wp\/v2\/product_brand?post=2256"},{"taxonomy":"product_cat","embeddable":true,"href":"https:\/\/jafep.com\/fr\/wp-json\/wp\/v2\/product_cat?post=2256"},{"taxonomy":"product_tag","embeddable":true,"href":"https:\/\/jafep.com\/fr\/wp-json\/wp\/v2\/product_tag?post=2256"}],"curies":[{"name":"wp","href":"https:\/\/api.w.org\/{rel}","templated":true}]}}