{"id":2253,"date":"2016-02-05T11:52:00","date_gmt":"2016-02-23T15:09:04","guid":{"rendered":"https:\/\/jafep.com\/?post_type=product&#038;p=2253"},"modified":"2023-09-21T08:32:41","modified_gmt":"2023-09-21T08:32:41","slug":"peinture-pour-signalisations-routieres","status":"publish","type":"product","link":"https:\/\/jafep.com\/fr\/producto\/peinture-pour-signalisations-routieres\/","title":{"rendered":"Peinture pour Signalisations Routi\u00e8res"},"content":{"rendered":"<p>Peinture acrylique solvant de finition mate sp\u00e9cialement d\u00e9velopp\u00e9e pour la peinture des marquages ??routiers, d&#8217;une grande r\u00e9sistance \u00e0 l&#8217;usure, s\u00e9chant tr\u00e8s rapidement et praticable en quelques heures. <\/p>\n","protected":false},"excerpt":{"rendered":"<p>Peinture acrylique solvant de finition mate sp\u00e9cialement d\u00e9velopp\u00e9e pour la peinture des marquages ??routiers, d&#8217;une grande r\u00e9sistance \u00e0 l&#8217;usure, s\u00e9chant tr\u00e8s rapidement et praticable en quelques heures.<\/p>\n","protected":false},"featured_media":82574,"comment_status":"closed","ping_status":"closed","template":"","meta":{"_acf_changed":false,"_links_to":"","_links_to_target":""},"product_brand":[],"product_cat":[1405,1411],"product_tag":[],"class_list":{"0":"post-2253","1":"product","2":"type-product","3":"status-publish","4":"has-post-thumbnail","6":"product_cat-sols-et-signalisations-fr","7":"product_cat-sols-et-signalisations-fr-2","8":"pa_formatos-15l-fr","9":"pa_formatos-4l-fr","10":"pa_formatos-750ml-fr","11":"pa_herramientas-airless-fr","12":"pa_herramientas-brocha-esmalte-barniz-acrilico-microfibra-fr","13":"pa_herramientas-pistola-fr","14":"pa_herramientas-rodillo-esmalte-barniz-sintetico-y-acrilico-100-espuma-densidad-60-fr","15":"pa_herramientas-rodillo-esmalte-barniz-acrilico-microfibra-8-mm-fr","16":"pa_iconos-2-base-solvente-fr","17":"pa_iconos-45-exterior-interior-fr","18":"pa_iconos-51-mate-60o-fr","19":"pa_iconos-cartes-de-credit","20":"pa_iconos-mate-fr","21":"pa_iconos-rendimiento-7-9-m2l-fr","23":"first","24":"instock","25":"shipping-taxable","26":"product-type-simple"},"acf":[],"_links":{"self":[{"href":"https:\/\/jafep.com\/fr\/wp-json\/wp\/v2\/product\/2253","targetHints":{"allow":["GET"]}}],"collection":[{"href":"https:\/\/jafep.com\/fr\/wp-json\/wp\/v2\/product"}],"about":[{"href":"https:\/\/jafep.com\/fr\/wp-json\/wp\/v2\/types\/product"}],"replies":[{"embeddable":true,"href":"https:\/\/jafep.com\/fr\/wp-json\/wp\/v2\/comments?post=2253"}],"wp:featuredmedia":[{"embeddable":true,"href":"https:\/\/jafep.com\/fr\/wp-json\/wp\/v2\/media\/82574"}],"wp:attachment":[{"href":"https:\/\/jafep.com\/fr\/wp-json\/wp\/v2\/media?parent=2253"}],"wp:term":[{"taxonomy":"product_brand","embeddable":true,"href":"https:\/\/jafep.com\/fr\/wp-json\/wp\/v2\/product_brand?post=2253"},{"taxonomy":"product_cat","embeddable":true,"href":"https:\/\/jafep.com\/fr\/wp-json\/wp\/v2\/product_cat?post=2253"},{"taxonomy":"product_tag","embeddable":true,"href":"https:\/\/jafep.com\/fr\/wp-json\/wp\/v2\/product_tag?post=2253"}],"curies":[{"name":"wp","href":"https:\/\/api.w.org\/{rel}","templated":true}]}}