{"id":2250,"date":"2016-02-05T11:39:01","date_gmt":"2016-02-23T15:06:11","guid":{"rendered":"https:\/\/jafep.com\/?post_type=product&#038;p=2250"},"modified":"2020-11-06T12:13:12","modified_gmt":"2020-11-06T12:13:12","slug":"white-spirit-au-citron","status":"publish","type":"product","link":"https:\/\/jafep.com\/fr\/producto\/white-spirit-au-citron\/","title":{"rendered":"White Spirit au Citron"},"content":{"rendered":"<p>Liquide incolore ou l\u00e9g\u00e8rement jaun\u00e2tre, avec une agr\u00e9able odeur de citron pour am\u00e9liorer les conditions\u00a0d&#8217;utilisation, insoluble dans l&#8217;eau. Fondamentalement compos\u00e9 d&#8217;hydrocarbures aliphatiques d\u00e9sodoris\u00e9s. Bon\u00a0solvant pour les graisses d\u00e9coratives, les huiles, les r\u00e9sines et les peintures laques alkydes. <\/p>\n","protected":false},"excerpt":{"rendered":"<p>White Spirit au Citron <\/p>\n","protected":false},"featured_media":82559,"comment_status":"closed","ping_status":"closed","template":"","meta":{"_acf_changed":false,"_links_to":"","_links_to_target":""},"product_brand":[],"product_cat":[1306],"product_tag":[],"class_list":{"0":"post-2250","1":"product","2":"type-product","3":"status-publish","4":"has-post-thumbnail","6":"product_cat-solvants","7":"pa_formatos-1l-fr","8":"pa_formatos-500ml-fr","9":"pa_formatos-5l-fr","10":"pa_iconos-2-base-solvente-fr","12":"first","13":"instock","14":"shipping-taxable","15":"product-type-simple"},"acf":[],"_links":{"self":[{"href":"https:\/\/jafep.com\/fr\/wp-json\/wp\/v2\/product\/2250","targetHints":{"allow":["GET"]}}],"collection":[{"href":"https:\/\/jafep.com\/fr\/wp-json\/wp\/v2\/product"}],"about":[{"href":"https:\/\/jafep.com\/fr\/wp-json\/wp\/v2\/types\/product"}],"replies":[{"embeddable":true,"href":"https:\/\/jafep.com\/fr\/wp-json\/wp\/v2\/comments?post=2250"}],"wp:featuredmedia":[{"embeddable":true,"href":"https:\/\/jafep.com\/fr\/wp-json\/wp\/v2\/media\/82559"}],"wp:attachment":[{"href":"https:\/\/jafep.com\/fr\/wp-json\/wp\/v2\/media?parent=2250"}],"wp:term":[{"taxonomy":"product_brand","embeddable":true,"href":"https:\/\/jafep.com\/fr\/wp-json\/wp\/v2\/product_brand?post=2250"},{"taxonomy":"product_cat","embeddable":true,"href":"https:\/\/jafep.com\/fr\/wp-json\/wp\/v2\/product_cat?post=2250"},{"taxonomy":"product_tag","embeddable":true,"href":"https:\/\/jafep.com\/fr\/wp-json\/wp\/v2\/product_tag?post=2250"}],"curies":[{"name":"wp","href":"https:\/\/api.w.org\/{rel}","templated":true}]}}