{"id":2247,"date":"2016-02-05T11:32:17","date_gmt":"2016-02-23T15:04:39","guid":{"rendered":"https:\/\/jafep.com\/?post_type=product&#038;p=2247"},"modified":"2022-04-07T13:37:09","modified_gmt":"2022-04-07T13:37:09","slug":"white-spirit-2","status":"publish","type":"product","link":"https:\/\/jafep.com\/fr\/producto\/white-spirit-2\/","title":{"rendered":"White Spirit"},"content":{"rendered":"<p>Liquide incolore ou l\u00e9g\u00e8rement jaun\u00e2tre avec une odeur caract\u00e9ristique, insoluble dans l&#8217;eau. Essentiellement compos\u00e9 de\u00a0hydrocarbures aliphatiques C&#8217;est un bon solvant pour les graisses, les huiles, les r\u00e9sines et les \u00e9maux d\u00e9coratifs synth\u00e9tiques. <\/p>\n","protected":false},"excerpt":{"rendered":"<p>Liquide incolore ou l\u00e9g\u00e8rement jaun\u00e2tre avec une odeur caract\u00e9ristique, insoluble dans l&#8217;eau. Essentiellement compos\u00e9 de\u00a0hydrocarbures aliphatiques C&#8217;est un bon solvant pour les graisses, les huiles, les r\u00e9sines et les \u00e9maux d\u00e9coratifs synth\u00e9tiques.<\/p>\n","protected":false},"featured_media":82554,"comment_status":"closed","ping_status":"closed","template":"","meta":{"_acf_changed":false,"_links_to":"","_links_to_target":""},"product_brand":[],"product_cat":[1465,1306],"product_tag":[],"class_list":{"0":"post-2247","1":"product","2":"type-product","3":"status-publish","4":"has-post-thumbnail","6":"product_cat-diluants","7":"product_cat-solvants","8":"pa_formatos-1l-fr","9":"pa_formatos-500ml-fr","10":"pa_formatos-5l-fr","11":"pa_iconos-2-base-solvente-fr","13":"first","14":"instock","15":"shipping-taxable","16":"product-type-simple"},"acf":[],"_links":{"self":[{"href":"https:\/\/jafep.com\/fr\/wp-json\/wp\/v2\/product\/2247","targetHints":{"allow":["GET"]}}],"collection":[{"href":"https:\/\/jafep.com\/fr\/wp-json\/wp\/v2\/product"}],"about":[{"href":"https:\/\/jafep.com\/fr\/wp-json\/wp\/v2\/types\/product"}],"replies":[{"embeddable":true,"href":"https:\/\/jafep.com\/fr\/wp-json\/wp\/v2\/comments?post=2247"}],"wp:featuredmedia":[{"embeddable":true,"href":"https:\/\/jafep.com\/fr\/wp-json\/wp\/v2\/media\/82554"}],"wp:attachment":[{"href":"https:\/\/jafep.com\/fr\/wp-json\/wp\/v2\/media?parent=2247"}],"wp:term":[{"taxonomy":"product_brand","embeddable":true,"href":"https:\/\/jafep.com\/fr\/wp-json\/wp\/v2\/product_brand?post=2247"},{"taxonomy":"product_cat","embeddable":true,"href":"https:\/\/jafep.com\/fr\/wp-json\/wp\/v2\/product_cat?post=2247"},{"taxonomy":"product_tag","embeddable":true,"href":"https:\/\/jafep.com\/fr\/wp-json\/wp\/v2\/product_tag?post=2247"}],"curies":[{"name":"wp","href":"https:\/\/api.w.org\/{rel}","templated":true}]}}