{"id":2245,"date":"2016-02-05T11:29:43","date_gmt":"2016-02-05T11:29:43","guid":{"rendered":"https:\/\/jafep.com\/?post_type=product&#038;p=2245"},"modified":"2016-03-18T09:08:57","modified_gmt":"2016-03-18T09:08:57","slug":"essence-de-terebenthine","status":"publish","type":"product","link":"https:\/\/jafep.com\/fr\/producto\/essence-de-terebenthine\/","title":{"rendered":"Essence de t\u00e9r\u00e9benthine"},"content":{"rendered":"<p>Essence de t\u00e9r\u00e9benthine <\/p>\n","protected":false},"excerpt":{"rendered":"<p>Essence de t\u00e9r\u00e9benthine<\/p>\n","protected":false},"featured_media":82549,"comment_status":"closed","ping_status":"closed","template":"","meta":{"_acf_changed":false,"_links_to":"","_links_to_target":""},"product_brand":[],"product_cat":[1465,1306],"product_tag":[],"class_list":{"0":"post-2245","1":"product","2":"type-product","3":"status-publish","4":"has-post-thumbnail","6":"product_cat-diluants","7":"product_cat-solvants","8":"pa_formatos-1l-fr","9":"pa_formatos-500ml-fr","10":"pa_iconos-2-base-solvente-fr","12":"first","13":"instock","14":"shipping-taxable","15":"product-type-simple"},"acf":[],"_links":{"self":[{"href":"https:\/\/jafep.com\/fr\/wp-json\/wp\/v2\/product\/2245","targetHints":{"allow":["GET"]}}],"collection":[{"href":"https:\/\/jafep.com\/fr\/wp-json\/wp\/v2\/product"}],"about":[{"href":"https:\/\/jafep.com\/fr\/wp-json\/wp\/v2\/types\/product"}],"replies":[{"embeddable":true,"href":"https:\/\/jafep.com\/fr\/wp-json\/wp\/v2\/comments?post=2245"}],"wp:featuredmedia":[{"embeddable":true,"href":"https:\/\/jafep.com\/fr\/wp-json\/wp\/v2\/media\/82549"}],"wp:attachment":[{"href":"https:\/\/jafep.com\/fr\/wp-json\/wp\/v2\/media?parent=2245"}],"wp:term":[{"taxonomy":"product_brand","embeddable":true,"href":"https:\/\/jafep.com\/fr\/wp-json\/wp\/v2\/product_brand?post=2245"},{"taxonomy":"product_cat","embeddable":true,"href":"https:\/\/jafep.com\/fr\/wp-json\/wp\/v2\/product_cat?post=2245"},{"taxonomy":"product_tag","embeddable":true,"href":"https:\/\/jafep.com\/fr\/wp-json\/wp\/v2\/product_tag?post=2245"}],"curies":[{"name":"wp","href":"https:\/\/api.w.org\/{rel}","templated":true}]}}