{"id":2241,"date":"2016-02-05T11:26:46","date_gmt":"2016-02-23T15:00:50","guid":{"rendered":"https:\/\/jafep.com\/?post_type=product&#038;p=2241"},"modified":"2023-12-27T06:24:51","modified_gmt":"2023-12-27T06:24:51","slug":"dissolvant-epoxy","status":"publish","type":"product","link":"https:\/\/jafep.com\/fr\/producto\/dissolvant-epoxy\/","title":{"rendered":"Solvant \u00c9poxy"},"content":{"rendered":"<p>Solvant sp\u00e9cialement con\u00e7u pour r\u00e9guler la viscosit\u00e9 et nettoyer les outils des peintures \u00e9poxy transparentes et pigment\u00e9es. <\/p>\n","protected":false},"excerpt":{"rendered":"<p>Solvant sp\u00e9cialement con\u00e7u pour r\u00e9guler la viscosit\u00e9 et nettoyer les outils des peintures \u00e9poxy transparentes et pigment\u00e9es.<\/p>\n","protected":false},"featured_media":82544,"comment_status":"closed","ping_status":"closed","template":"","meta":{"_acf_changed":false,"_links_to":"","_links_to_target":""},"product_brand":[],"product_cat":[1465,1306],"product_tag":[],"class_list":{"0":"post-2241","1":"product","2":"type-product","3":"status-publish","4":"has-post-thumbnail","6":"product_cat-diluants","7":"product_cat-solvants","8":"pa_formatos-1l-fr","9":"pa_formatos-25l-fr","10":"pa_formatos-5l-fr","11":"pa_iconos-2-base-solvente-fr","13":"first","14":"instock","15":"shipping-taxable","16":"product-type-simple"},"acf":[],"_links":{"self":[{"href":"https:\/\/jafep.com\/fr\/wp-json\/wp\/v2\/product\/2241","targetHints":{"allow":["GET"]}}],"collection":[{"href":"https:\/\/jafep.com\/fr\/wp-json\/wp\/v2\/product"}],"about":[{"href":"https:\/\/jafep.com\/fr\/wp-json\/wp\/v2\/types\/product"}],"replies":[{"embeddable":true,"href":"https:\/\/jafep.com\/fr\/wp-json\/wp\/v2\/comments?post=2241"}],"wp:featuredmedia":[{"embeddable":true,"href":"https:\/\/jafep.com\/fr\/wp-json\/wp\/v2\/media\/82544"}],"wp:attachment":[{"href":"https:\/\/jafep.com\/fr\/wp-json\/wp\/v2\/media?parent=2241"}],"wp:term":[{"taxonomy":"product_brand","embeddable":true,"href":"https:\/\/jafep.com\/fr\/wp-json\/wp\/v2\/product_brand?post=2241"},{"taxonomy":"product_cat","embeddable":true,"href":"https:\/\/jafep.com\/fr\/wp-json\/wp\/v2\/product_cat?post=2241"},{"taxonomy":"product_tag","embeddable":true,"href":"https:\/\/jafep.com\/fr\/wp-json\/wp\/v2\/product_tag?post=2241"}],"curies":[{"name":"wp","href":"https:\/\/api.w.org\/{rel}","templated":true}]}}