{"id":2237,"date":"2016-02-05T11:23:41","date_gmt":"2016-02-23T14:57:53","guid":{"rendered":"https:\/\/jafep.com\/?post_type=product&#038;p=2237"},"modified":"2016-03-18T09:04:36","modified_gmt":"2016-03-18T09:04:36","slug":"dissolvant-caoutchouc-chloreacryliques","status":"publish","type":"product","link":"https:\/\/jafep.com\/fr\/producto\/dissolvant-caoutchouc-chloreacryliques\/","title":{"rendered":"Dissolvant Caoutchouc Chlore\/Acryliques"},"content":{"rendered":"<p>Sp\u00e9cifiquement pour diluer les peintures au caoutchouc chlor\u00e9 et les<br \/>\npeintures acryliques en phase solvant. Particuli\u00e8rement indiqu\u00e9 pour<br \/>\npeintures de sol et de signalisation de base acrylique.<\/p>\n","protected":false},"excerpt":{"rendered":"<p>Sp\u00e9cifiquement pour diluer les peintures au caoutchouc chlor\u00e9 et les peintures acryliques en phase solvant. Particuli\u00e8rement indiqu\u00e9 pour peintures de sol et de signalisation de base acrylique.<\/p>\n","protected":false},"featured_media":82539,"comment_status":"closed","ping_status":"closed","template":"","meta":{"_acf_changed":false,"_links_to":"","_links_to_target":""},"product_brand":[],"product_cat":[1465,1306],"product_tag":[],"class_list":{"0":"post-2237","1":"product","2":"type-product","3":"status-publish","4":"has-post-thumbnail","6":"product_cat-diluants","7":"product_cat-solvants","8":"pa_formatos-1l-fr","9":"pa_formatos-25l-fr","10":"pa_formatos-5l-fr","11":"pa_iconos-2-base-solvente-fr","13":"first","14":"instock","15":"shipping-taxable","16":"product-type-simple"},"acf":[],"_links":{"self":[{"href":"https:\/\/jafep.com\/fr\/wp-json\/wp\/v2\/product\/2237","targetHints":{"allow":["GET"]}}],"collection":[{"href":"https:\/\/jafep.com\/fr\/wp-json\/wp\/v2\/product"}],"about":[{"href":"https:\/\/jafep.com\/fr\/wp-json\/wp\/v2\/types\/product"}],"replies":[{"embeddable":true,"href":"https:\/\/jafep.com\/fr\/wp-json\/wp\/v2\/comments?post=2237"}],"wp:featuredmedia":[{"embeddable":true,"href":"https:\/\/jafep.com\/fr\/wp-json\/wp\/v2\/media\/82539"}],"wp:attachment":[{"href":"https:\/\/jafep.com\/fr\/wp-json\/wp\/v2\/media?parent=2237"}],"wp:term":[{"taxonomy":"product_brand","embeddable":true,"href":"https:\/\/jafep.com\/fr\/wp-json\/wp\/v2\/product_brand?post=2237"},{"taxonomy":"product_cat","embeddable":true,"href":"https:\/\/jafep.com\/fr\/wp-json\/wp\/v2\/product_cat?post=2237"},{"taxonomy":"product_tag","embeddable":true,"href":"https:\/\/jafep.com\/fr\/wp-json\/wp\/v2\/product_tag?post=2237"}],"curies":[{"name":"wp","href":"https:\/\/api.w.org\/{rel}","templated":true}]}}