{"id":2236,"date":"2016-02-05T11:20:38","date_gmt":"2016-02-23T14:57:04","guid":{"rendered":"https:\/\/jafep.com\/?post_type=product&#038;p=2236"},"modified":"2016-03-18T09:02:53","modified_gmt":"2016-03-18T09:02:53","slug":"dissolvant-proprete-extra","status":"publish","type":"product","link":"https:\/\/jafep.com\/fr\/producto\/dissolvant-proprete-extra\/","title":{"rendered":"Dissolvant Propret\u00e9 Extra"},"content":{"rendered":"<p>Pour nettoyer les outils de travail et machines. Force dissolvante ad\u00e9quate<br \/>\npour un nettoyage rapide. De tr\u00e8s haute qualit\u00e9.<\/p>\n","protected":false},"excerpt":{"rendered":"<p>Pour nettoyer les outils de travail et machines. Force dissolvante ad\u00e9quate pour un nettoyage rapide. De tr\u00e8s haute qualit\u00e9.<\/p>\n","protected":false},"featured_media":82534,"comment_status":"closed","ping_status":"closed","template":"","meta":{"_acf_changed":false,"_links_to":"","_links_to_target":""},"product_brand":[],"product_cat":[1465,1306],"product_tag":[],"class_list":{"0":"post-2236","1":"product","2":"type-product","3":"status-publish","4":"has-post-thumbnail","6":"product_cat-diluants","7":"product_cat-solvants","8":"pa_formatos-1l-fr","9":"pa_formatos-25l-fr","10":"pa_formatos-5l-fr","11":"pa_iconos-2-base-solvente-fr","13":"first","14":"instock","15":"shipping-taxable","16":"product-type-simple"},"acf":[],"_links":{"self":[{"href":"https:\/\/jafep.com\/fr\/wp-json\/wp\/v2\/product\/2236","targetHints":{"allow":["GET"]}}],"collection":[{"href":"https:\/\/jafep.com\/fr\/wp-json\/wp\/v2\/product"}],"about":[{"href":"https:\/\/jafep.com\/fr\/wp-json\/wp\/v2\/types\/product"}],"replies":[{"embeddable":true,"href":"https:\/\/jafep.com\/fr\/wp-json\/wp\/v2\/comments?post=2236"}],"wp:featuredmedia":[{"embeddable":true,"href":"https:\/\/jafep.com\/fr\/wp-json\/wp\/v2\/media\/82534"}],"wp:attachment":[{"href":"https:\/\/jafep.com\/fr\/wp-json\/wp\/v2\/media?parent=2236"}],"wp:term":[{"taxonomy":"product_brand","embeddable":true,"href":"https:\/\/jafep.com\/fr\/wp-json\/wp\/v2\/product_brand?post=2236"},{"taxonomy":"product_cat","embeddable":true,"href":"https:\/\/jafep.com\/fr\/wp-json\/wp\/v2\/product_cat?post=2236"},{"taxonomy":"product_tag","embeddable":true,"href":"https:\/\/jafep.com\/fr\/wp-json\/wp\/v2\/product_tag?post=2236"}],"curies":[{"name":"wp","href":"https:\/\/api.w.org\/{rel}","templated":true}]}}