{"id":2224,"date":"2015-07-30T13:49:12","date_gmt":"2016-02-23T14:49:25","guid":{"rendered":"https:\/\/jafep.com\/?post_type=product&#038;p=2224"},"modified":"2016-03-18T08:41:48","modified_gmt":"2016-03-18T08:41:48","slug":"dissolvant-universel","status":"publish","type":"product","link":"https:\/\/jafep.com\/fr\/producto\/dissolvant-universel\/","title":{"rendered":"Dissolvant Universel"},"content":{"rendered":"<p>R\u00e9gule la viscosit\u00e9 et nettoie les outils des peintures d\u2019impression,<br \/>\npeintures laques \u00e0 s\u00e9chage rapide, peintures au caoutchouc chlor\u00e9, laques NC.<\/p>\n","protected":false},"excerpt":{"rendered":"<p>R\u00e9gule la viscosit\u00e9 et nettoie les outils des peintures d\u2019impression, peintures laques \u00e0 s\u00e9chage rapide, peintures au caoutchouc chlor\u00e9, laques NC.<\/p>\n","protected":false},"featured_media":82299,"comment_status":"closed","ping_status":"closed","template":"","meta":{"_acf_changed":false,"_links_to":"","_links_to_target":""},"product_brand":[],"product_cat":[1306],"product_tag":[],"class_list":{"0":"post-2224","1":"product","2":"type-product","3":"status-publish","4":"has-post-thumbnail","6":"product_cat-solvants","7":"pa_formatos-1l-fr","8":"pa_formatos-25l-fr","9":"pa_formatos-500ml-fr","10":"pa_formatos-5l-fr","11":"pa_herramientas-brocha-esmalte-barniz-acrilico-microfibra-fr","12":"pa_herramientas-rodillo-fr-2","13":"pa_iconos-2-base-solvente-fr","15":"first","16":"instock","17":"shipping-taxable","18":"product-type-simple"},"acf":[],"_links":{"self":[{"href":"https:\/\/jafep.com\/fr\/wp-json\/wp\/v2\/product\/2224","targetHints":{"allow":["GET"]}}],"collection":[{"href":"https:\/\/jafep.com\/fr\/wp-json\/wp\/v2\/product"}],"about":[{"href":"https:\/\/jafep.com\/fr\/wp-json\/wp\/v2\/types\/product"}],"replies":[{"embeddable":true,"href":"https:\/\/jafep.com\/fr\/wp-json\/wp\/v2\/comments?post=2224"}],"wp:featuredmedia":[{"embeddable":true,"href":"https:\/\/jafep.com\/fr\/wp-json\/wp\/v2\/media\/82299"}],"wp:attachment":[{"href":"https:\/\/jafep.com\/fr\/wp-json\/wp\/v2\/media?parent=2224"}],"wp:term":[{"taxonomy":"product_brand","embeddable":true,"href":"https:\/\/jafep.com\/fr\/wp-json\/wp\/v2\/product_brand?post=2224"},{"taxonomy":"product_cat","embeddable":true,"href":"https:\/\/jafep.com\/fr\/wp-json\/wp\/v2\/product_cat?post=2224"},{"taxonomy":"product_tag","embeddable":true,"href":"https:\/\/jafep.com\/fr\/wp-json\/wp\/v2\/product_tag?post=2224"}],"curies":[{"name":"wp","href":"https:\/\/api.w.org\/{rel}","templated":true}]}}