{"id":2223,"date":"2016-02-05T10:50:00","date_gmt":"2016-02-23T14:48:19","guid":{"rendered":"https:\/\/jafep.com\/?post_type=product&#038;p=2223"},"modified":"2016-03-18T08:40:29","modified_gmt":"2016-03-18T08:40:29","slug":"enduit-elastique","status":"publish","type":"product","link":"https:\/\/jafep.com\/fr\/producto\/enduit-elastique\/","title":{"rendered":"Enduit \u00c9lastique"},"content":{"rendered":"<p>Enduit plastique acrylique en p\u00e2te et renforc\u00e9 de fibres, pr\u00eat \u00e0 l&#8217;emploi. <\/p>\n","protected":false},"excerpt":{"rendered":"<p>Enduit plastique acrylique en p\u00e2te et renforc\u00e9 de fibres, pr\u00eat \u00e0 l&#8217;emploi.<\/p>\n","protected":false},"featured_media":82499,"comment_status":"closed","ping_status":"closed","template":"","meta":{"_acf_changed":false,"_links_to":"","_links_to_target":""},"product_brand":[],"product_cat":[539],"product_tag":[],"class_list":{"0":"post-2223","1":"product","2":"type-product","3":"status-publish","4":"has-post-thumbnail","6":"product_cat-enduits-et-mastics","7":"pa_formatos-1kg-fr","8":"pa_formatos-5kg-fr","9":"pa_herramientas-llana-fr","11":"first","12":"instock","13":"shipping-taxable","14":"product-type-simple"},"acf":[],"_links":{"self":[{"href":"https:\/\/jafep.com\/fr\/wp-json\/wp\/v2\/product\/2223","targetHints":{"allow":["GET"]}}],"collection":[{"href":"https:\/\/jafep.com\/fr\/wp-json\/wp\/v2\/product"}],"about":[{"href":"https:\/\/jafep.com\/fr\/wp-json\/wp\/v2\/types\/product"}],"replies":[{"embeddable":true,"href":"https:\/\/jafep.com\/fr\/wp-json\/wp\/v2\/comments?post=2223"}],"wp:featuredmedia":[{"embeddable":true,"href":"https:\/\/jafep.com\/fr\/wp-json\/wp\/v2\/media\/82499"}],"wp:attachment":[{"href":"https:\/\/jafep.com\/fr\/wp-json\/wp\/v2\/media?parent=2223"}],"wp:term":[{"taxonomy":"product_brand","embeddable":true,"href":"https:\/\/jafep.com\/fr\/wp-json\/wp\/v2\/product_brand?post=2223"},{"taxonomy":"product_cat","embeddable":true,"href":"https:\/\/jafep.com\/fr\/wp-json\/wp\/v2\/product_cat?post=2223"},{"taxonomy":"product_tag","embeddable":true,"href":"https:\/\/jafep.com\/fr\/wp-json\/wp\/v2\/product_tag?post=2223"}],"curies":[{"name":"wp","href":"https:\/\/api.w.org\/{rel}","templated":true}]}}