{"id":2221,"date":"2016-02-05T10:52:36","date_gmt":"2016-02-23T14:46:41","guid":{"rendered":"https:\/\/jafep.com\/?post_type=product&#038;p=2221"},"modified":"2016-03-18T08:38:37","modified_gmt":"2016-03-18T08:38:37","slug":"enduit-a-leau-universel","status":"publish","type":"product","link":"https:\/\/jafep.com\/fr\/producto\/enduit-a-leau-universel\/","title":{"rendered":"Enduit \u00e0 l\u2019Eau Universel"},"content":{"rendered":"<p>Lissage et r\u00e9novation sur surfaces poreuses et non poreuses. R\u00e9novation directe des murs avec rev\u00eatements c\u00e9ramiques sans \u00e9liminer les carreaux de fa\u00efence. <\/p>\n","protected":false},"excerpt":{"rendered":"<p>Lissage et r\u00e9novation sur surfaces poreuses et non poreuses. R\u00e9novation directe des murs avec rev\u00eatements c\u00e9ramiques sans \u00e9liminer les carreaux de fa\u00efence.<\/p>\n","protected":false},"featured_media":82504,"comment_status":"closed","ping_status":"closed","template":"","meta":{"_acf_changed":false,"_links_to":"","_links_to_target":""},"product_brand":[],"product_cat":[539,1359],"product_tag":[],"class_list":{"0":"post-2221","1":"product","2":"type-product","3":"status-publish","4":"has-post-thumbnail","6":"product_cat-enduits-et-mastics","7":"product_cat-preparation-et-sous-couches","8":"pa_formatos-1kg-fr","9":"pa_formatos-25kg-fr","10":"pa_formatos-5kg-fr","11":"pa_herramientas-llana-fr","12":"pa_iconos-conservateur-anti-moisissures-systeme-atmh","14":"first","15":"instock","16":"shipping-taxable","17":"product-type-simple"},"acf":[],"_links":{"self":[{"href":"https:\/\/jafep.com\/fr\/wp-json\/wp\/v2\/product\/2221","targetHints":{"allow":["GET"]}}],"collection":[{"href":"https:\/\/jafep.com\/fr\/wp-json\/wp\/v2\/product"}],"about":[{"href":"https:\/\/jafep.com\/fr\/wp-json\/wp\/v2\/types\/product"}],"replies":[{"embeddable":true,"href":"https:\/\/jafep.com\/fr\/wp-json\/wp\/v2\/comments?post=2221"}],"wp:featuredmedia":[{"embeddable":true,"href":"https:\/\/jafep.com\/fr\/wp-json\/wp\/v2\/media\/82504"}],"wp:attachment":[{"href":"https:\/\/jafep.com\/fr\/wp-json\/wp\/v2\/media?parent=2221"}],"wp:term":[{"taxonomy":"product_brand","embeddable":true,"href":"https:\/\/jafep.com\/fr\/wp-json\/wp\/v2\/product_brand?post=2221"},{"taxonomy":"product_cat","embeddable":true,"href":"https:\/\/jafep.com\/fr\/wp-json\/wp\/v2\/product_cat?post=2221"},{"taxonomy":"product_tag","embeddable":true,"href":"https:\/\/jafep.com\/fr\/wp-json\/wp\/v2\/product_tag?post=2221"}],"curies":[{"name":"wp","href":"https:\/\/api.w.org\/{rel}","templated":true}]}}