{"id":2219,"date":"2016-02-05T10:43:43","date_gmt":"2016-02-23T14:44:57","guid":{"rendered":"https:\/\/jafep.com\/?post_type=product&#038;p=2219"},"modified":"2016-03-18T08:33:41","modified_gmt":"2016-03-18T08:33:41","slug":"enduit-a-leau-interieur","status":"publish","type":"product","link":"https:\/\/jafep.com\/fr\/producto\/enduit-a-leau-interieur\/","title":{"rendered":"Enduit \u00e0 l\u2019Eau Int\u00e9rieur"},"content":{"rendered":"<p>Pour r\u00e9paration et tendus fins en int\u00e9rieur. <\/p>\n","protected":false},"excerpt":{"rendered":"<p>Pour r\u00e9paration et tendus fins en int\u00e9rieur.<\/p>\n","protected":false},"featured_media":13938,"comment_status":"closed","ping_status":"closed","template":"","meta":{"_acf_changed":false,"_links_to":"","_links_to_target":""},"product_brand":[],"product_cat":[539],"product_tag":[],"class_list":{"0":"post-2219","1":"product","2":"type-product","3":"status-publish","4":"has-post-thumbnail","6":"product_cat-enduits-et-mastics","7":"pa_formatos-25kg-fr","8":"pa_formatos-5kg-fr","9":"pa_formatos-750ml-fr","10":"pa_herramientas-llana-fr","12":"first","13":"instock","14":"shipping-taxable","15":"product-type-simple"},"acf":[],"_links":{"self":[{"href":"https:\/\/jafep.com\/fr\/wp-json\/wp\/v2\/product\/2219","targetHints":{"allow":["GET"]}}],"collection":[{"href":"https:\/\/jafep.com\/fr\/wp-json\/wp\/v2\/product"}],"about":[{"href":"https:\/\/jafep.com\/fr\/wp-json\/wp\/v2\/types\/product"}],"replies":[{"embeddable":true,"href":"https:\/\/jafep.com\/fr\/wp-json\/wp\/v2\/comments?post=2219"}],"wp:featuredmedia":[{"embeddable":true,"href":"https:\/\/jafep.com\/fr\/wp-json\/wp\/v2\/media\/13938"}],"wp:attachment":[{"href":"https:\/\/jafep.com\/fr\/wp-json\/wp\/v2\/media?parent=2219"}],"wp:term":[{"taxonomy":"product_brand","embeddable":true,"href":"https:\/\/jafep.com\/fr\/wp-json\/wp\/v2\/product_brand?post=2219"},{"taxonomy":"product_cat","embeddable":true,"href":"https:\/\/jafep.com\/fr\/wp-json\/wp\/v2\/product_cat?post=2219"},{"taxonomy":"product_tag","embeddable":true,"href":"https:\/\/jafep.com\/fr\/wp-json\/wp\/v2\/product_tag?post=2219"}],"curies":[{"name":"wp","href":"https:\/\/api.w.org\/{rel}","templated":true}]}}