{"id":2215,"date":"2016-02-05T10:35:54","date_gmt":"2016-02-23T14:42:26","guid":{"rendered":"https:\/\/jafep.com\/?post_type=product&#038;p=2215"},"modified":"2016-03-18T08:27:08","modified_gmt":"2016-03-18T08:27:08","slug":"enduit-leger-exterieur-interieur","status":"publish","type":"product","link":"https:\/\/jafep.com\/fr\/producto\/enduit-leger-exterieur-interieur\/","title":{"rendered":"Enduit L\u00e9ger. Ext\u00e9rieur-Int\u00e9rieur"},"content":{"rendered":"<p>Enduit de basse densit\u00e9 pour r\u00e9parer d\u00e9fauts et creux dans pl\u00e2tres et bois. Lisse et \u00e9galise murs et bois avant peinture. <\/p>\n","protected":false},"excerpt":{"rendered":"<p>Enduit de basse densit\u00e9 pour r\u00e9parer d\u00e9fauts et creux dans pl\u00e2tres et bois. Lisse et \u00e9galise murs et bois avant peinture.<\/p>\n","protected":false},"featured_media":82482,"comment_status":"closed","ping_status":"closed","template":"","meta":{"_acf_changed":false,"_links_to":"","_links_to_target":""},"product_brand":[],"product_cat":[539],"product_tag":[],"class_list":{"0":"post-2215","1":"product","2":"type-product","3":"status-publish","4":"has-post-thumbnail","6":"product_cat-enduits-et-mastics","7":"pa_formatos-250ml-fr","8":"pa_formatos-4l-fr","9":"pa_formatos-750ml-fr","10":"pa_herramientas-llana-fr","12":"first","13":"instock","14":"shipping-taxable","15":"product-type-simple"},"acf":[],"_links":{"self":[{"href":"https:\/\/jafep.com\/fr\/wp-json\/wp\/v2\/product\/2215","targetHints":{"allow":["GET"]}}],"collection":[{"href":"https:\/\/jafep.com\/fr\/wp-json\/wp\/v2\/product"}],"about":[{"href":"https:\/\/jafep.com\/fr\/wp-json\/wp\/v2\/types\/product"}],"replies":[{"embeddable":true,"href":"https:\/\/jafep.com\/fr\/wp-json\/wp\/v2\/comments?post=2215"}],"wp:featuredmedia":[{"embeddable":true,"href":"https:\/\/jafep.com\/fr\/wp-json\/wp\/v2\/media\/82482"}],"wp:attachment":[{"href":"https:\/\/jafep.com\/fr\/wp-json\/wp\/v2\/media?parent=2215"}],"wp:term":[{"taxonomy":"product_brand","embeddable":true,"href":"https:\/\/jafep.com\/fr\/wp-json\/wp\/v2\/product_brand?post=2215"},{"taxonomy":"product_cat","embeddable":true,"href":"https:\/\/jafep.com\/fr\/wp-json\/wp\/v2\/product_cat?post=2215"},{"taxonomy":"product_tag","embeddable":true,"href":"https:\/\/jafep.com\/fr\/wp-json\/wp\/v2\/product_tag?post=2215"}],"curies":[{"name":"wp","href":"https:\/\/api.w.org\/{rel}","templated":true}]}}