{"id":2214,"date":"2016-02-05T10:30:36","date_gmt":"2016-02-05T10:30:36","guid":{"rendered":"https:\/\/jafep.com\/?post_type=product&#038;p=2214"},"modified":"2022-10-05T14:34:27","modified_gmt":"2022-10-05T14:34:27","slug":"enduit-exterieur","status":"publish","type":"product","link":"https:\/\/jafep.com\/fr\/producto\/enduit-exterieur\/","title":{"rendered":"Enduit Ext\u00e9rieur (en Poudre)"},"content":{"rendered":"<p>Plastre en poudre pour enduit et r\u00e9paration. Couvre et r\u00e9pare les surfaces de ciment, b\u00e9ton, brique, pierre, etc. Convient pour lisser les mosa\u00efques de verre et les carreaux de c\u00e9ramique. Il remplit et r\u00e9pare \u00e9galement les \u00e9l\u00e9ments d\u00e9coratifs tels que les colonnes, les balustrades, etc. Il s&#8217;applique sur tous types de surfaces de construction et de ma\u00e7onnerie.<\/p>\n<p>Pour appliquer en couche \u00e9paisse, il est recommand\u00e9 de m\u00e9langer avec des granulats et du sable. <\/p>\n","protected":false},"excerpt":{"rendered":"<p>Plastre en poudre pour enduit et r\u00e9paration. Couvre et r\u00e9pare les surfaces de ciment, b\u00e9ton, brique, pierre, etc. Convient pour lisser les mosa\u00efques de verre et les carreaux de c\u00e9ramique. Il remplit et r\u00e9pare \u00e9galement les \u00e9l\u00e9ments d\u00e9coratifs tels que les colonnes, les balustrades, etc. Il s&#8217;applique sur tous types de surfaces de construction et&#8230;<\/p>\n","protected":false},"featured_media":82479,"comment_status":"closed","ping_status":"closed","template":"","meta":{"_acf_changed":false,"_links_to":"","_links_to_target":""},"product_brand":[],"product_cat":[539,828,1500,1359,1499],"product_tag":[],"class_list":{"0":"post-2214","1":"product","2":"type-product","3":"status-publish","4":"has-post-thumbnail","6":"product_cat-enduits-et-mastics","7":"product_cat-exteriores-fr","8":"product_cat-fissures","9":"product_cat-preparation-et-sous-couches","10":"product_cat-reparer-resoudre-les-problemes","11":"pa_formatos-15kg-fr","12":"pa_herramientas-llana-fr","13":"pa_iconos-1-base-agua-fr","14":"pa_iconos-exterior-fr","16":"first","17":"instock","18":"shipping-taxable","19":"product-type-simple"},"acf":[],"_links":{"self":[{"href":"https:\/\/jafep.com\/fr\/wp-json\/wp\/v2\/product\/2214","targetHints":{"allow":["GET"]}}],"collection":[{"href":"https:\/\/jafep.com\/fr\/wp-json\/wp\/v2\/product"}],"about":[{"href":"https:\/\/jafep.com\/fr\/wp-json\/wp\/v2\/types\/product"}],"replies":[{"embeddable":true,"href":"https:\/\/jafep.com\/fr\/wp-json\/wp\/v2\/comments?post=2214"}],"wp:featuredmedia":[{"embeddable":true,"href":"https:\/\/jafep.com\/fr\/wp-json\/wp\/v2\/media\/82479"}],"wp:attachment":[{"href":"https:\/\/jafep.com\/fr\/wp-json\/wp\/v2\/media?parent=2214"}],"wp:term":[{"taxonomy":"product_brand","embeddable":true,"href":"https:\/\/jafep.com\/fr\/wp-json\/wp\/v2\/product_brand?post=2214"},{"taxonomy":"product_cat","embeddable":true,"href":"https:\/\/jafep.com\/fr\/wp-json\/wp\/v2\/product_cat?post=2214"},{"taxonomy":"product_tag","embeddable":true,"href":"https:\/\/jafep.com\/fr\/wp-json\/wp\/v2\/product_tag?post=2214"}],"curies":[{"name":"wp","href":"https:\/\/api.w.org\/{rel}","templated":true}]}}