{"id":2205,"date":"2016-02-05T09:35:29","date_gmt":"2016-02-23T12:49:38","guid":{"rendered":"https:\/\/jafep.com\/?post_type=product&#038;p=2205"},"modified":"2016-03-18T08:10:44","modified_gmt":"2016-03-18T08:10:44","slug":"enduit-reparation-interieur","status":"publish","type":"product","link":"https:\/\/jafep.com\/fr\/producto\/enduit-reparation-interieur\/","title":{"rendered":"Enduit R\u00e9paration Int\u00e9rieur"},"content":{"rendered":"<p>Pour lissage en int\u00e9rieur. Couvre surfaces peintes goutel\u00e9, cr\u00e9pis\u2026 <\/p>\n","protected":false},"excerpt":{"rendered":"<p>Pour lissage en int\u00e9rieur. Couvre surfaces peintes goutel\u00e9, cr\u00e9pis\u2026<\/p>\n","protected":false},"featured_media":13932,"comment_status":"closed","ping_status":"closed","template":"","meta":{"_acf_changed":false,"_links_to":"","_links_to_target":""},"product_brand":[],"product_cat":[539,1359],"product_tag":[],"class_list":{"0":"post-2205","1":"product","2":"type-product","3":"status-publish","4":"has-post-thumbnail","6":"product_cat-enduits-et-mastics","7":"product_cat-preparation-et-sous-couches","8":"pa_formatos-15kg-fr","9":"pa_formatos-5kg-fr","10":"pa_herramientas-llana-fr","12":"first","13":"instock","14":"shipping-taxable","15":"product-type-simple"},"acf":[],"_links":{"self":[{"href":"https:\/\/jafep.com\/fr\/wp-json\/wp\/v2\/product\/2205","targetHints":{"allow":["GET"]}}],"collection":[{"href":"https:\/\/jafep.com\/fr\/wp-json\/wp\/v2\/product"}],"about":[{"href":"https:\/\/jafep.com\/fr\/wp-json\/wp\/v2\/types\/product"}],"replies":[{"embeddable":true,"href":"https:\/\/jafep.com\/fr\/wp-json\/wp\/v2\/comments?post=2205"}],"wp:featuredmedia":[{"embeddable":true,"href":"https:\/\/jafep.com\/fr\/wp-json\/wp\/v2\/media\/13932"}],"wp:attachment":[{"href":"https:\/\/jafep.com\/fr\/wp-json\/wp\/v2\/media?parent=2205"}],"wp:term":[{"taxonomy":"product_brand","embeddable":true,"href":"https:\/\/jafep.com\/fr\/wp-json\/wp\/v2\/product_brand?post=2205"},{"taxonomy":"product_cat","embeddable":true,"href":"https:\/\/jafep.com\/fr\/wp-json\/wp\/v2\/product_cat?post=2205"},{"taxonomy":"product_tag","embeddable":true,"href":"https:\/\/jafep.com\/fr\/wp-json\/wp\/v2\/product_tag?post=2205"}],"curies":[{"name":"wp","href":"https:\/\/api.w.org\/{rel}","templated":true}]}}