{"id":2203,"date":"2016-02-05T09:32:31","date_gmt":"2016-02-23T12:48:38","guid":{"rendered":"https:\/\/jafep.com\/?post_type=product&#038;p=2203"},"modified":"2016-03-18T08:08:51","modified_gmt":"2016-03-18T08:08:51","slug":"enduit-standard","status":"publish","type":"product","link":"https:\/\/jafep.com\/fr\/producto\/enduit-standard\/","title":{"rendered":"Enduit Standard"},"content":{"rendered":"<p>Bouche et \u00e9tale d\u00e9fauts, fissures, trous, etc. Id\u00e9al pour \u00e9liminer les irr\u00e9gularit\u00e9s sur tout mat\u00e9riel avant peinture. <\/p>\n","protected":false},"excerpt":{"rendered":"<p>Bouche et \u00e9tale d\u00e9fauts, fissures, trous, etc. Id\u00e9al pour \u00e9liminer les irr\u00e9gularit\u00e9s sur tout mat\u00e9riel avant peinture.<\/p>\n","protected":false},"featured_media":82464,"comment_status":"closed","ping_status":"closed","template":"","meta":{"_acf_changed":false,"_links_to":"","_links_to_target":""},"product_brand":[],"product_cat":[539],"product_tag":[],"class_list":{"0":"post-2203","1":"product","2":"type-product","3":"status-publish","4":"has-post-thumbnail","6":"product_cat-enduits-et-mastics","7":"pa_formatos-15kg-fr","8":"pa_formatos-1kg-fr","9":"pa_formatos-5kg-fr","10":"pa_herramientas-llana-fr","12":"first","13":"instock","14":"shipping-taxable","15":"product-type-simple"},"acf":[],"_links":{"self":[{"href":"https:\/\/jafep.com\/fr\/wp-json\/wp\/v2\/product\/2203","targetHints":{"allow":["GET"]}}],"collection":[{"href":"https:\/\/jafep.com\/fr\/wp-json\/wp\/v2\/product"}],"about":[{"href":"https:\/\/jafep.com\/fr\/wp-json\/wp\/v2\/types\/product"}],"replies":[{"embeddable":true,"href":"https:\/\/jafep.com\/fr\/wp-json\/wp\/v2\/comments?post=2203"}],"wp:featuredmedia":[{"embeddable":true,"href":"https:\/\/jafep.com\/fr\/wp-json\/wp\/v2\/media\/82464"}],"wp:attachment":[{"href":"https:\/\/jafep.com\/fr\/wp-json\/wp\/v2\/media?parent=2203"}],"wp:term":[{"taxonomy":"product_brand","embeddable":true,"href":"https:\/\/jafep.com\/fr\/wp-json\/wp\/v2\/product_brand?post=2203"},{"taxonomy":"product_cat","embeddable":true,"href":"https:\/\/jafep.com\/fr\/wp-json\/wp\/v2\/product_cat?post=2203"},{"taxonomy":"product_tag","embeddable":true,"href":"https:\/\/jafep.com\/fr\/wp-json\/wp\/v2\/product_tag?post=2203"}],"curies":[{"name":"wp","href":"https:\/\/api.w.org\/{rel}","templated":true}]}}