{"id":2201,"date":"2016-02-05T09:28:13","date_gmt":"2016-02-23T12:47:29","guid":{"rendered":"https:\/\/jafep.com\/?post_type=product&#038;p=2201"},"modified":"2016-03-18T08:06:38","modified_gmt":"2016-03-18T08:06:38","slug":"fond-penetrant-fixateur-au-solvant","status":"publish","type":"product","link":"https:\/\/jafep.com\/fr\/producto\/fond-penetrant-fixateur-au-solvant\/","title":{"rendered":"Fond P\u00e9n\u00e9trant Fixateur au Solvant"},"content":{"rendered":"<p>Tr\u00e8s p\u00e9n\u00e9trant, grande r\u00e9sistance \u00e0 l\u2019alcalinit\u00e9. S\u00e9chage rapide. Sp\u00e9cialement indiqu\u00e9 pour mat\u00e9riaux de construction et peintures en mauvais \u00e9tat. <\/p>\n","protected":false},"excerpt":{"rendered":"<p>Tr\u00e8s p\u00e9n\u00e9trant, grande r\u00e9sistance \u00e0 l\u2019alcalinit\u00e9. S\u00e9chage rapide. Sp\u00e9cialement indiqu\u00e9 pour mat\u00e9riaux de construction et peintures en mauvais \u00e9tat.<\/p>\n","protected":false},"featured_media":82459,"comment_status":"closed","ping_status":"closed","template":"","meta":{"_acf_changed":false,"_links_to":"","_links_to_target":""},"product_brand":[],"product_cat":[536,1359],"product_tag":[],"class_list":{"0":"post-2201","1":"product","2":"type-product","3":"status-publish","4":"has-post-thumbnail","6":"product_cat-complements","7":"product_cat-preparation-et-sous-couches","8":"pa_herramientas-rodillo-fachadas-lana-oveja-20mm-fr","9":"pa_herramientas-rodillo-fachadas-poliamida-extra-larga-de-20mm-fr","10":"pa_herramientas-rodillo-fachadas-poliamida-larga-de-19mm-fr","11":"pa_herramientas-rodillo-iinterior-100-microfibra-de-11mm-fr","12":"pa_herramientas-rodillo-interior-poliamida-de-11mm-fr","13":"pa_iconos-2-base-solvente-fr","15":"first","16":"instock","17":"shipping-taxable","18":"product-type-simple"},"acf":[],"_links":{"self":[{"href":"https:\/\/jafep.com\/fr\/wp-json\/wp\/v2\/product\/2201","targetHints":{"allow":["GET"]}}],"collection":[{"href":"https:\/\/jafep.com\/fr\/wp-json\/wp\/v2\/product"}],"about":[{"href":"https:\/\/jafep.com\/fr\/wp-json\/wp\/v2\/types\/product"}],"replies":[{"embeddable":true,"href":"https:\/\/jafep.com\/fr\/wp-json\/wp\/v2\/comments?post=2201"}],"wp:featuredmedia":[{"embeddable":true,"href":"https:\/\/jafep.com\/fr\/wp-json\/wp\/v2\/media\/82459"}],"wp:attachment":[{"href":"https:\/\/jafep.com\/fr\/wp-json\/wp\/v2\/media?parent=2201"}],"wp:term":[{"taxonomy":"product_brand","embeddable":true,"href":"https:\/\/jafep.com\/fr\/wp-json\/wp\/v2\/product_brand?post=2201"},{"taxonomy":"product_cat","embeddable":true,"href":"https:\/\/jafep.com\/fr\/wp-json\/wp\/v2\/product_cat?post=2201"},{"taxonomy":"product_tag","embeddable":true,"href":"https:\/\/jafep.com\/fr\/wp-json\/wp\/v2\/product_tag?post=2201"}],"curies":[{"name":"wp","href":"https:\/\/api.w.org\/{rel}","templated":true}]}}