{"id":2189,"date":"2015-09-03T10:59:49","date_gmt":"2015-09-03T10:59:49","guid":{"rendered":"https:\/\/jafep.com\/?post_type=product&#038;p=2189"},"modified":"2023-05-08T09:23:14","modified_gmt":"2023-05-08T09:23:14","slug":"sellacryl-4","status":"publish","type":"product","link":"https:\/\/jafep.com\/fr\/producto\/sellacryl-4\/","title":{"rendered":"Vernis Acrylique p\u00e9n\u00e9trant et fixateur Sellacryl"},"content":{"rendered":"<p>Vernis p\u00e9trifiant \u00e0 base de r\u00e9sines acryliques, tr\u00e8s appropri\u00e9 pour la pr\u00e9paration de surfaces poreuses. Emp\u00eache la p\u00e9n\u00e9tration d&#8217;humidit\u00e9 \u00e0 l&#8217;int\u00e9rieur et \u00e9limine l&#8217;humidit\u00e9. Il sert de scellant pour les murs, les briques, les peintures, etc. Produit 100% acrylique qui, lorsqu&#8217;il est appliqu\u00e9 sur du b\u00e9ton, emp\u00eache l&#8217;entr\u00e9e de CO2 et donc le processus de carbonatation. Avec la dilution appropri\u00e9e dans chaque cas, il est particuli\u00e8rement indiqu\u00e9 pour la pr\u00e9paration de tous types de mat\u00e9riaux de construction. <\/p>\n","protected":false},"excerpt":{"rendered":"<p>Scellant\u00a0 Acrylique <\/p>\n","protected":false},"featured_media":82319,"comment_status":"closed","ping_status":"closed","template":"","meta":{"_acf_changed":false,"_links_to":"","_links_to_target":""},"product_brand":[],"product_cat":[1548,1585,1466,536,1359],"product_tag":[],"class_list":{"0":"post-2189","1":"product","2":"type-product","3":"status-publish","4":"has-post-thumbnail","6":"product_cat-avant-de-peindre-fr-3","7":"product_cat-avant-de-peindre-fr-4","8":"product_cat-avant-de-peindre","9":"product_cat-complements","10":"product_cat-preparation-et-sous-couches","11":"pa_formatos-4l-fr","12":"pa_formatos-750ml-fr","13":"pa_formatos-8l-fr","14":"pa_herramientas-airless-fr","15":"pa_herramientas-brocha-fr","16":"pa_herramientas-brocha-esmalte-barniz-acrilico-microfibra-fr","17":"pa_herramientas-pistola-fr","18":"pa_herramientas-rodillo-esmalte-barniz-acrilico-microfibra-8-mm-fr","19":"pa_iconos-1-base-agua-fr","20":"pa_iconos-34-rendimiento-de-10-12-m2l-fr","21":"pa_iconos-45-exterior-interior-fr","22":"pa_iconos-anticarbonatacion-fr","23":"pa_iconos-nanotec-fr","24":"pa_iconos-satinado-fr","26":"first","27":"instock","28":"shipping-taxable","29":"product-type-simple"},"acf":[],"_links":{"self":[{"href":"https:\/\/jafep.com\/fr\/wp-json\/wp\/v2\/product\/2189","targetHints":{"allow":["GET"]}}],"collection":[{"href":"https:\/\/jafep.com\/fr\/wp-json\/wp\/v2\/product"}],"about":[{"href":"https:\/\/jafep.com\/fr\/wp-json\/wp\/v2\/types\/product"}],"replies":[{"embeddable":true,"href":"https:\/\/jafep.com\/fr\/wp-json\/wp\/v2\/comments?post=2189"}],"wp:featuredmedia":[{"embeddable":true,"href":"https:\/\/jafep.com\/fr\/wp-json\/wp\/v2\/media\/82319"}],"wp:attachment":[{"href":"https:\/\/jafep.com\/fr\/wp-json\/wp\/v2\/media?parent=2189"}],"wp:term":[{"taxonomy":"product_brand","embeddable":true,"href":"https:\/\/jafep.com\/fr\/wp-json\/wp\/v2\/product_brand?post=2189"},{"taxonomy":"product_cat","embeddable":true,"href":"https:\/\/jafep.com\/fr\/wp-json\/wp\/v2\/product_cat?post=2189"},{"taxonomy":"product_tag","embeddable":true,"href":"https:\/\/jafep.com\/fr\/wp-json\/wp\/v2\/product_tag?post=2189"}],"curies":[{"name":"wp","href":"https:\/\/api.w.org\/{rel}","templated":true}]}}