{"id":2186,"date":"2016-02-05T08:53:55","date_gmt":"2016-02-05T08:53:55","guid":{"rendered":"https:\/\/jafep.com\/?post_type=product&#038;p=2186"},"modified":"2023-05-05T09:52:32","modified_gmt":"2023-05-05T09:52:32","slug":"finition-jefestuc-metalisee","status":"publish","type":"product","link":"https:\/\/jafep.com\/fr\/producto\/finition-jefestuc-metalisee\/","title":{"rendered":"Finition Jefestuc Metalis\u00e9e"},"content":{"rendered":"<p>Stuc V\u00e9nitien. Finition metalis\u00e9e en or ou en argent <\/p>\n","protected":false},"excerpt":{"rendered":"<p>Stuc V\u00e9nitien. Finition metalis\u00e9e en or ou en argent<\/p>\n","protected":false},"featured_media":83751,"comment_status":"closed","ping_status":"closed","template":"","meta":{"_acf_changed":false,"_links_to":"","_links_to_target":""},"product_brand":[],"product_cat":[1549,1551,82,1296,1547],"product_tag":[],"class_list":{"0":"post-2186","1":"product","2":"type-product","3":"status-publish","4":"has-post-thumbnail","6":"product_cat-decorer-peindre","7":"product_cat-effets-decoratifs","8":"product_cat-acabados-fr","9":"product_cat-haute-decoration","10":"product_cat-interieurs","11":"pa_formatos-125ml-fr","12":"pa_herramientas-llana-fr","13":"pa_iconos-1-base-agua-fr","14":"pa_iconos-46-interior-fr","15":"pa_iconos-brillant","16":"pa_iconos-cartes-de-credit","17":"pa_iconos-multicolor-fr","18":"pa_iconos-rendement-12-14-m2-l","20":"first","21":"instock","22":"shipping-taxable","23":"product-type-simple"},"acf":[],"_links":{"self":[{"href":"https:\/\/jafep.com\/fr\/wp-json\/wp\/v2\/product\/2186","targetHints":{"allow":["GET"]}}],"collection":[{"href":"https:\/\/jafep.com\/fr\/wp-json\/wp\/v2\/product"}],"about":[{"href":"https:\/\/jafep.com\/fr\/wp-json\/wp\/v2\/types\/product"}],"replies":[{"embeddable":true,"href":"https:\/\/jafep.com\/fr\/wp-json\/wp\/v2\/comments?post=2186"}],"wp:featuredmedia":[{"embeddable":true,"href":"https:\/\/jafep.com\/fr\/wp-json\/wp\/v2\/media\/83751"}],"wp:attachment":[{"href":"https:\/\/jafep.com\/fr\/wp-json\/wp\/v2\/media?parent=2186"}],"wp:term":[{"taxonomy":"product_brand","embeddable":true,"href":"https:\/\/jafep.com\/fr\/wp-json\/wp\/v2\/product_brand?post=2186"},{"taxonomy":"product_cat","embeddable":true,"href":"https:\/\/jafep.com\/fr\/wp-json\/wp\/v2\/product_cat?post=2186"},{"taxonomy":"product_tag","embeddable":true,"href":"https:\/\/jafep.com\/fr\/wp-json\/wp\/v2\/product_tag?post=2186"}],"curies":[{"name":"wp","href":"https:\/\/api.w.org\/{rel}","templated":true}]}}