{"id":2178,"date":"2016-02-23T12:23:24","date_gmt":"2016-02-23T12:23:24","guid":{"rendered":"https:\/\/jafep.com\/?post_type=product&#038;p=2178"},"modified":"2016-03-18T07:28:02","modified_gmt":"2016-03-18T07:28:02","slug":"diamonds-3","status":"publish","type":"product","link":"https:\/\/jafep.com\/fr\/producto\/diamonds-3\/","title":{"rendered":"Diamonds"},"content":{"rendered":"<p>Effet d\u00e9coratif l\u00e9g\u00e8rement textur\u00e9. Avec des \u00e9clats \u00e9l\u00e9gants de diamant. Il est n\u00e9cessaire d&#8217;utiliser le produit Crystals. <\/p>\n","protected":false},"excerpt":{"rendered":"<p>Effet d\u00e9coratif l\u00e9g\u00e8rement textur\u00e9. Avec des \u00e9clats \u00e9l\u00e9gants de diamant. Il est n\u00e9cessaire d&#8217;utiliser le produit Crystals.<\/p>\n","protected":false},"featured_media":0,"comment_status":"closed","ping_status":"closed","template":"","meta":{"_acf_changed":false,"_links_to":"","_links_to_target":""},"product_brand":[],"product_cat":[82,21],"product_tag":[],"class_list":{"0":"post-2178","1":"product","2":"type-product","3":"status-publish","5":"product_cat-acabados-fr","6":"product_cat-alta-decoracion-fr","7":"pa_formatos-2-5l-fr","8":"pa_herramientas-paletina-alta-decoracion-fr","9":"pa_iconos-1-base-agua-fr","10":"pa_iconos-46-interior-fr","11":"pa_iconos-62-lavabilidad-nivel-3-fr","13":"first","14":"instock","15":"shipping-taxable","16":"product-type-simple"},"acf":[],"_links":{"self":[{"href":"https:\/\/jafep.com\/fr\/wp-json\/wp\/v2\/product\/2178","targetHints":{"allow":["GET"]}}],"collection":[{"href":"https:\/\/jafep.com\/fr\/wp-json\/wp\/v2\/product"}],"about":[{"href":"https:\/\/jafep.com\/fr\/wp-json\/wp\/v2\/types\/product"}],"replies":[{"embeddable":true,"href":"https:\/\/jafep.com\/fr\/wp-json\/wp\/v2\/comments?post=2178"}],"wp:attachment":[{"href":"https:\/\/jafep.com\/fr\/wp-json\/wp\/v2\/media?parent=2178"}],"wp:term":[{"taxonomy":"product_brand","embeddable":true,"href":"https:\/\/jafep.com\/fr\/wp-json\/wp\/v2\/product_brand?post=2178"},{"taxonomy":"product_cat","embeddable":true,"href":"https:\/\/jafep.com\/fr\/wp-json\/wp\/v2\/product_cat?post=2178"},{"taxonomy":"product_tag","embeddable":true,"href":"https:\/\/jafep.com\/fr\/wp-json\/wp\/v2\/product_tag?post=2178"}],"curies":[{"name":"wp","href":"https:\/\/api.w.org\/{rel}","templated":true}]}}