{"id":2174,"date":"2016-02-05T08:21:09","date_gmt":"2016-02-23T12:20:41","guid":{"rendered":"https:\/\/jafep.com\/?post_type=product&#038;p=2174"},"modified":"2023-05-05T09:41:53","modified_gmt":"2023-05-05T09:41:53","slug":"sahara-2","status":"publish","type":"product","link":"https:\/\/jafep.com\/fr\/producto\/sahara-2\/","title":{"rendered":"Sahara"},"content":{"rendered":"<p>Sahara est un effet de d\u00e9coration velout\u00e9, sur une base m\u00e9tallique. Application tr\u00e8s facile mais une apparence tr\u00e8s sophistiqu\u00e9. <\/p>\n","protected":false},"excerpt":{"rendered":"<p>Sahara est un effet de d\u00e9coration velout\u00e9, sur une base m\u00e9tallique. Application tr\u00e8s facile mais une apparence tr\u00e8s sophistiqu\u00e9.<\/p>\n","protected":false},"featured_media":13924,"comment_status":"closed","ping_status":"closed","template":"","meta":{"_acf_changed":false,"_links_to":"","_links_to_target":""},"product_brand":[],"product_cat":[1549,1551,82,1296,1547],"product_tag":[],"class_list":{"0":"post-2174","1":"product","2":"type-product","3":"status-publish","4":"has-post-thumbnail","6":"product_cat-decorer-peindre","7":"product_cat-effets-decoratifs","8":"product_cat-acabados-fr","9":"product_cat-haute-decoration","10":"product_cat-interieurs","11":"pa_formatos-2-5l-fr","12":"pa_herramientas-llana-fr","13":"pa_herramientas-rodillo-interior-poliamida-de-11mm-fr","14":"pa_iconos-1-base-agua-fr","15":"pa_iconos-46-interior-fr","16":"pa_iconos-mate-fr","17":"pa_iconos-multicolor-fr","18":"pa_iconos-rendimiento-5-7-m2-l-fr","20":"first","21":"instock","22":"shipping-taxable","23":"product-type-simple"},"acf":[],"_links":{"self":[{"href":"https:\/\/jafep.com\/fr\/wp-json\/wp\/v2\/product\/2174","targetHints":{"allow":["GET"]}}],"collection":[{"href":"https:\/\/jafep.com\/fr\/wp-json\/wp\/v2\/product"}],"about":[{"href":"https:\/\/jafep.com\/fr\/wp-json\/wp\/v2\/types\/product"}],"replies":[{"embeddable":true,"href":"https:\/\/jafep.com\/fr\/wp-json\/wp\/v2\/comments?post=2174"}],"wp:featuredmedia":[{"embeddable":true,"href":"https:\/\/jafep.com\/fr\/wp-json\/wp\/v2\/media\/13924"}],"wp:attachment":[{"href":"https:\/\/jafep.com\/fr\/wp-json\/wp\/v2\/media?parent=2174"}],"wp:term":[{"taxonomy":"product_brand","embeddable":true,"href":"https:\/\/jafep.com\/fr\/wp-json\/wp\/v2\/product_brand?post=2174"},{"taxonomy":"product_cat","embeddable":true,"href":"https:\/\/jafep.com\/fr\/wp-json\/wp\/v2\/product_cat?post=2174"},{"taxonomy":"product_tag","embeddable":true,"href":"https:\/\/jafep.com\/fr\/wp-json\/wp\/v2\/product_tag?post=2174"}],"curies":[{"name":"wp","href":"https:\/\/api.w.org\/{rel}","templated":true}]}}