{"id":2173,"date":"2014-06-11T11:28:06","date_gmt":"2016-02-23T12:19:54","guid":{"rendered":"https:\/\/jafep.com\/?post_type=product&#038;p=2173"},"modified":"2023-05-05T09:28:29","modified_gmt":"2023-05-05T09:28:29","slug":"effet-pierre","status":"publish","type":"product","link":"https:\/\/jafep.com\/fr\/producto\/effet-pierre\/","title":{"rendered":"Effet Pierre"},"content":{"rendered":"<p>Reproduit un effet pierre (p. ex : granit) pour int\u00e9rieur et ext\u00e9rieur, imperm\u00e9able et lavable. Grande r\u00e9sistance aux intemp\u00e9ries, au salp\u00eatre et \u00e0 l\u2019abrasion. <\/p>\n","protected":false},"excerpt":{"rendered":"<p>Reproduit un effet pierre (p. ex : granit) pour int\u00e9rieur et ext\u00e9rieur, imperm\u00e9able et lavable. Grande r\u00e9sistance aux intemp\u00e9ries, au salp\u00eatre et \u00e0 l\u2019abrasion.<\/p>\n","protected":false},"featured_media":83597,"comment_status":"closed","ping_status":"closed","template":"","meta":{"_acf_changed":false,"_links_to":"","_links_to_target":""},"product_brand":[],"product_cat":[828,82,1296,1583,750],"product_tag":[],"class_list":{"0":"post-2173","1":"product","2":"type-product","3":"status-publish","4":"has-post-thumbnail","6":"product_cat-exteriores-fr","7":"product_cat-acabados-fr","8":"product_cat-haute-decoration","9":"product_cat-impermeabilisation","10":"product_cat-pinturas-plasticas-fr-2","11":"pa_formatos-15l-fr","12":"pa_formatos-4l-fr","13":"pa_herramientas-airless-fr","14":"pa_herramientas-brocha-fr","15":"pa_herramientas-llana-fr","16":"pa_herramientas-pistola-fr","17":"pa_herramientas-rodillo-fr-2","18":"pa_herramientas-rodillo-fachadas-lana-oveja-20mm-fr","19":"pa_herramientas-rodillo-iinterior-100-microfibra-de-11mm-fr","20":"pa_herramientas-rodillo-interior-poliamida-de-11mm-fr","21":"pa_iconos-1-base-agua-fr","22":"pa_iconos-45-exterior-interior-fr","23":"pa_iconos-brillant","24":"pa_iconos-rendimiento-1-2-m2-l-fr","26":"first","27":"instock","28":"shipping-taxable","29":"product-type-simple"},"acf":[],"_links":{"self":[{"href":"https:\/\/jafep.com\/fr\/wp-json\/wp\/v2\/product\/2173","targetHints":{"allow":["GET"]}}],"collection":[{"href":"https:\/\/jafep.com\/fr\/wp-json\/wp\/v2\/product"}],"about":[{"href":"https:\/\/jafep.com\/fr\/wp-json\/wp\/v2\/types\/product"}],"replies":[{"embeddable":true,"href":"https:\/\/jafep.com\/fr\/wp-json\/wp\/v2\/comments?post=2173"}],"wp:featuredmedia":[{"embeddable":true,"href":"https:\/\/jafep.com\/fr\/wp-json\/wp\/v2\/media\/83597"}],"wp:attachment":[{"href":"https:\/\/jafep.com\/fr\/wp-json\/wp\/v2\/media?parent=2173"}],"wp:term":[{"taxonomy":"product_brand","embeddable":true,"href":"https:\/\/jafep.com\/fr\/wp-json\/wp\/v2\/product_brand?post=2173"},{"taxonomy":"product_cat","embeddable":true,"href":"https:\/\/jafep.com\/fr\/wp-json\/wp\/v2\/product_cat?post=2173"},{"taxonomy":"product_tag","embeddable":true,"href":"https:\/\/jafep.com\/fr\/wp-json\/wp\/v2\/product_tag?post=2173"}],"curies":[{"name":"wp","href":"https:\/\/api.w.org\/{rel}","templated":true}]}}