{"id":2170,"date":"2016-02-05T07:44:10","date_gmt":"2016-02-23T12:16:10","guid":{"rendered":"https:\/\/jafep.com\/?post_type=product&#038;p=2170"},"modified":"2023-05-04T11:41:49","modified_gmt":"2023-05-04T11:41:49","slug":"peinture-metallisee","status":"publish","type":"product","link":"https:\/\/jafep.com\/fr\/producto\/peinture-metallisee\/","title":{"rendered":"Peinture M\u00e9tallis\u00e9e"},"content":{"rendered":"<p>Produit un effet m\u00e9tallis\u00e9 lisse ou avec des contre-jours. <\/p>\n","protected":false},"excerpt":{"rendered":"<p>Produit un effet m\u00e9tallis\u00e9 lisse ou avec des contre-jours.<\/p>\n","protected":false},"featured_media":13785,"comment_status":"closed","ping_status":"closed","template":"","meta":{"_acf_changed":false,"_links_to":"","_links_to_target":""},"product_brand":[],"product_cat":[1549,1551,82,1296,1547],"product_tag":[],"class_list":{"0":"post-2170","1":"product","2":"type-product","3":"status-publish","4":"has-post-thumbnail","6":"product_cat-decorer-peindre","7":"product_cat-effets-decoratifs","8":"product_cat-acabados-fr","9":"product_cat-haute-decoration","10":"product_cat-interieurs","11":"pa_formatos-1l-fr","12":"pa_herramientas-brocha-fr","13":"pa_herramientas-paletina-alta-decoracion-fr","14":"pa_herramientas-rodillo-interior-poliamida-de-11mm-fr","15":"pa_iconos-1-base-agua-fr","16":"pa_iconos-34-rendimiento-de-10-12-m2l-fr","17":"pa_iconos-45-exterior-interior-fr","18":"pa_iconos-cartes-de-credit","19":"pa_iconos-semibrillante-fr","21":"first","22":"instock","23":"shipping-taxable","24":"product-type-simple"},"acf":[],"_links":{"self":[{"href":"https:\/\/jafep.com\/fr\/wp-json\/wp\/v2\/product\/2170","targetHints":{"allow":["GET"]}}],"collection":[{"href":"https:\/\/jafep.com\/fr\/wp-json\/wp\/v2\/product"}],"about":[{"href":"https:\/\/jafep.com\/fr\/wp-json\/wp\/v2\/types\/product"}],"replies":[{"embeddable":true,"href":"https:\/\/jafep.com\/fr\/wp-json\/wp\/v2\/comments?post=2170"}],"wp:featuredmedia":[{"embeddable":true,"href":"https:\/\/jafep.com\/fr\/wp-json\/wp\/v2\/media\/13785"}],"wp:attachment":[{"href":"https:\/\/jafep.com\/fr\/wp-json\/wp\/v2\/media?parent=2170"}],"wp:term":[{"taxonomy":"product_brand","embeddable":true,"href":"https:\/\/jafep.com\/fr\/wp-json\/wp\/v2\/product_brand?post=2170"},{"taxonomy":"product_cat","embeddable":true,"href":"https:\/\/jafep.com\/fr\/wp-json\/wp\/v2\/product_cat?post=2170"},{"taxonomy":"product_tag","embeddable":true,"href":"https:\/\/jafep.com\/fr\/wp-json\/wp\/v2\/product_tag?post=2170"}],"curies":[{"name":"wp","href":"https:\/\/api.w.org\/{rel}","templated":true}]}}