{"id":2164,"date":"2016-02-02T16:02:31","date_gmt":"2016-02-23T12:10:23","guid":{"rendered":"https:\/\/jafep.com\/?post_type=product&#038;p=2164"},"modified":"2023-05-04T08:45:13","modified_gmt":"2023-05-04T08:45:13","slug":"jafelac-laque-nitrocellulosique-satinee","status":"publish","type":"product","link":"https:\/\/jafep.com\/fr\/producto\/jafelac-laque-nitrocellulosique-satinee\/","title":{"rendered":"Jafelac Laque Nitrocellulosique Satin\u00e9e"},"content":{"rendered":"<p>Laque nitrocellulosique incolore, transparente, \u00e9lastique et dure, pour prot\u00e9ger et d\u00e9corer toute surface en bois en int\u00e9rieur. <\/p>\n","protected":false},"excerpt":{"rendered":"<p>Laque nitrocellulosique incolore, transparente, \u00e9lastique et dure, pour prot\u00e9ger et d\u00e9corer toute surface en bois en int\u00e9rieur.<\/p>\n","protected":false},"featured_media":13790,"comment_status":"closed","ping_status":"closed","template":"","meta":{"_acf_changed":false,"_links_to":"","_links_to_target":""},"product_brand":[],"product_cat":[853,776,839,1373],"product_tag":[],"class_list":{"0":"post-2164","1":"product","2":"type-product","3":"status-publish","4":"has-post-thumbnail","6":"product_cat-madera-fr","7":"product_cat-lacar-fr","8":"product_cat-productos-para-la-madera-fr-2","9":"product_cat-produits-professionels-pour-bois","10":"pa_formatos-20l-fr","11":"pa_formatos-5l-fr","12":"pa_formatos-750ml-fr","13":"pa_herramientas-brocha-esmalte-barniz-acrilico-microfibra-fr","14":"pa_iconos-2-base-solvente-fr","15":"pa_iconos-38-rendimiento-de-10-15-m2l-fr","16":"pa_iconos-46-interior-fr","17":"pa_iconos-satinado-fr","19":"first","20":"instock","21":"shipping-taxable","22":"product-type-simple"},"acf":[],"_links":{"self":[{"href":"https:\/\/jafep.com\/fr\/wp-json\/wp\/v2\/product\/2164","targetHints":{"allow":["GET"]}}],"collection":[{"href":"https:\/\/jafep.com\/fr\/wp-json\/wp\/v2\/product"}],"about":[{"href":"https:\/\/jafep.com\/fr\/wp-json\/wp\/v2\/types\/product"}],"replies":[{"embeddable":true,"href":"https:\/\/jafep.com\/fr\/wp-json\/wp\/v2\/comments?post=2164"}],"wp:featuredmedia":[{"embeddable":true,"href":"https:\/\/jafep.com\/fr\/wp-json\/wp\/v2\/media\/13790"}],"wp:attachment":[{"href":"https:\/\/jafep.com\/fr\/wp-json\/wp\/v2\/media?parent=2164"}],"wp:term":[{"taxonomy":"product_brand","embeddable":true,"href":"https:\/\/jafep.com\/fr\/wp-json\/wp\/v2\/product_brand?post=2164"},{"taxonomy":"product_cat","embeddable":true,"href":"https:\/\/jafep.com\/fr\/wp-json\/wp\/v2\/product_cat?post=2164"},{"taxonomy":"product_tag","embeddable":true,"href":"https:\/\/jafep.com\/fr\/wp-json\/wp\/v2\/product_tag?post=2164"}],"curies":[{"name":"wp","href":"https:\/\/api.w.org\/{rel}","templated":true}]}}