{"id":2158,"date":"2016-02-02T15:44:46","date_gmt":"2016-02-23T12:06:15","guid":{"rendered":"https:\/\/jafep.com\/?post_type=product&#038;p=2158"},"modified":"2023-05-04T09:17:17","modified_gmt":"2023-05-04T09:17:17","slug":"huile-pour-teck","status":"publish","type":"product","link":"https:\/\/jafep.com\/fr\/producto\/huile-pour-teck\/","title":{"rendered":"Huile pour Teck"},"content":{"rendered":"<p>Combinaison d\u2019huiles et de r\u00e9sines sp\u00e9ciales, d\u2019application int\u00e9rieur et ext\u00e9rieur. Elle est tr\u00e8s flexible, perm\u00e9able \u00e0 la vapeur d\u2019eau, hydrofuge et avec filtre UV. <\/p>\n","protected":false},"excerpt":{"rendered":"<p>Combinaison d\u2019huiles et de r\u00e9sines sp\u00e9ciales, d\u2019application int\u00e9rieur et ext\u00e9rieur. Elle est tr\u00e8s flexible, perm\u00e9able \u00e0 la vapeur d\u2019eau, hydrofuge et avec filtre UV.<\/p>\n","protected":false},"featured_media":82419,"comment_status":"closed","ping_status":"closed","template":"","meta":{"_acf_changed":false,"_links_to":"","_links_to_target":""},"product_brand":[],"product_cat":[853,839,1508,1376],"product_tag":[],"class_list":{"0":"post-2158","1":"product","2":"type-product","3":"status-publish","4":"has-post-thumbnail","6":"product_cat-madera-fr","7":"product_cat-productos-para-la-madera-fr-2","8":"product_cat-proteger-fr","9":"product_cat-traitements-pour-bois","10":"pa_formatos-1l-fr","11":"pa_formatos-5l-fr","12":"pa_herramientas-airless-fr","13":"pa_herramientas-brocha-fr","14":"pa_herramientas-pistola-fr","15":"pa_iconos-2-base-solvente-fr","16":"pa_iconos-45-exterior-interior-fr","17":"pa_iconos-rendimiento-7-10-m2l-fr","18":"pa_iconos-satinado-fr","20":"first","21":"instock","22":"shipping-taxable","23":"product-type-simple"},"acf":[],"_links":{"self":[{"href":"https:\/\/jafep.com\/fr\/wp-json\/wp\/v2\/product\/2158","targetHints":{"allow":["GET"]}}],"collection":[{"href":"https:\/\/jafep.com\/fr\/wp-json\/wp\/v2\/product"}],"about":[{"href":"https:\/\/jafep.com\/fr\/wp-json\/wp\/v2\/types\/product"}],"replies":[{"embeddable":true,"href":"https:\/\/jafep.com\/fr\/wp-json\/wp\/v2\/comments?post=2158"}],"wp:featuredmedia":[{"embeddable":true,"href":"https:\/\/jafep.com\/fr\/wp-json\/wp\/v2\/media\/82419"}],"wp:attachment":[{"href":"https:\/\/jafep.com\/fr\/wp-json\/wp\/v2\/media?parent=2158"}],"wp:term":[{"taxonomy":"product_brand","embeddable":true,"href":"https:\/\/jafep.com\/fr\/wp-json\/wp\/v2\/product_brand?post=2158"},{"taxonomy":"product_cat","embeddable":true,"href":"https:\/\/jafep.com\/fr\/wp-json\/wp\/v2\/product_cat?post=2158"},{"taxonomy":"product_tag","embeddable":true,"href":"https:\/\/jafep.com\/fr\/wp-json\/wp\/v2\/product_tag?post=2158"}],"curies":[{"name":"wp","href":"https:\/\/api.w.org\/{rel}","templated":true}]}}