{"id":2156,"date":"2016-02-02T15:41:03","date_gmt":"2016-02-23T12:03:58","guid":{"rendered":"https:\/\/jafep.com\/?post_type=product&#038;p=2156"},"modified":"2023-05-03T11:48:33","modified_gmt":"2023-05-03T11:48:33","slug":"laque-polyurethane-blanche-a-b","status":"publish","type":"product","link":"https:\/\/jafep.com\/fr\/producto\/laque-polyurethane-blanche-a-b\/","title":{"rendered":"Laque Polyur\u00e9thane Blanche A + B"},"content":{"rendered":"<p>Laque bicompossante Polyur\u00e9thane pigment\u00e9 en base solvante de structure thyxotropique avec un excellent pouvoir couvrant et pon\u00e7age qui fournit niveaux de finition de la meilleure qualit\u00e9 sur les meubles de bois. <\/p>\n","protected":false},"excerpt":{"rendered":"<p>Laque bicompossante Polyur\u00e9thane pigment\u00e9 en base solvante de structure thyxotropique avec un excellent pouvoir couvrant et pon\u00e7age qui fournit niveaux de finition de la meilleure qualit\u00e9 sur les meubles de bois.<\/p>\n","protected":false},"featured_media":82414,"comment_status":"closed","ping_status":"closed","template":"","meta":{"_acf_changed":false,"_links_to":"","_links_to_target":""},"product_brand":[],"product_cat":[853,776,839,1373],"product_tag":[],"class_list":{"0":"post-2156","1":"product","2":"type-product","3":"status-publish","4":"has-post-thumbnail","6":"product_cat-madera-fr","7":"product_cat-lacar-fr","8":"product_cat-productos-para-la-madera-fr-2","9":"product_cat-produits-professionels-pour-bois","10":"pa_herramientas-airless-fr","11":"pa_herramientas-pistola-fr","12":"pa_iconos-2-base-solvente-fr","13":"pa_iconos-38-rendimiento-de-10-15-m2l-fr","14":"pa_iconos-41-brocha-rodillo-pistola-fr","15":"pa_iconos-46-interior-fr","16":"pa_iconos-a-b-fr","17":"pa_iconos-satinado-semimate-mate-fr","18":"pa_iconos-uso-prof-titulado-fr","20":"first","21":"instock","22":"shipping-taxable","23":"product-type-simple"},"acf":[],"_links":{"self":[{"href":"https:\/\/jafep.com\/fr\/wp-json\/wp\/v2\/product\/2156","targetHints":{"allow":["GET"]}}],"collection":[{"href":"https:\/\/jafep.com\/fr\/wp-json\/wp\/v2\/product"}],"about":[{"href":"https:\/\/jafep.com\/fr\/wp-json\/wp\/v2\/types\/product"}],"replies":[{"embeddable":true,"href":"https:\/\/jafep.com\/fr\/wp-json\/wp\/v2\/comments?post=2156"}],"wp:featuredmedia":[{"embeddable":true,"href":"https:\/\/jafep.com\/fr\/wp-json\/wp\/v2\/media\/82414"}],"wp:attachment":[{"href":"https:\/\/jafep.com\/fr\/wp-json\/wp\/v2\/media?parent=2156"}],"wp:term":[{"taxonomy":"product_brand","embeddable":true,"href":"https:\/\/jafep.com\/fr\/wp-json\/wp\/v2\/product_brand?post=2156"},{"taxonomy":"product_cat","embeddable":true,"href":"https:\/\/jafep.com\/fr\/wp-json\/wp\/v2\/product_cat?post=2156"},{"taxonomy":"product_tag","embeddable":true,"href":"https:\/\/jafep.com\/fr\/wp-json\/wp\/v2\/product_tag?post=2156"}],"curies":[{"name":"wp","href":"https:\/\/api.w.org\/{rel}","templated":true}]}}