{"id":2154,"date":"2016-02-02T15:38:34","date_gmt":"2016-02-23T12:01:57","guid":{"rendered":"https:\/\/jafep.com\/?post_type=product&#038;p=2154"},"modified":"2023-05-03T11:25:01","modified_gmt":"2023-05-03T11:25:01","slug":"laque-polyurethane-incolore-a-b","status":"publish","type":"product","link":"https:\/\/jafep.com\/fr\/producto\/laque-polyurethane-incolore-a-b\/","title":{"rendered":"Laque Polyur\u00e9thane Incolore \u00e0 Deux Composants (Kit)"},"content":{"rendered":"<p>Finition polyur\u00e9thane bi-composant \u00e0 usage industriel, \u00e0 base de solvant, pour meubles en bois. Il se caract\u00e9rise par sa bonne couvrance, sa bonne \u00e9lasticit\u00e9, son excellent toucher et sa duret\u00e9. Il est disponible dans les finitions suivantes : Satin\u00e9, Semi-Mat et Mat. <\/p>\n","protected":false},"excerpt":{"rendered":"<p>Laque polyur\u00e9thane \u00e0 deux composants <\/p>\n","protected":false},"featured_media":82409,"comment_status":"closed","ping_status":"closed","template":"","meta":{"_acf_changed":false,"_links_to":"","_links_to_target":""},"product_brand":[],"product_cat":[853,776,839,1373],"product_tag":[],"class_list":{"0":"post-2154","1":"product","2":"type-product","3":"status-publish","4":"has-post-thumbnail","6":"product_cat-madera-fr","7":"product_cat-lacar-fr","8":"product_cat-productos-para-la-madera-fr-2","9":"product_cat-produits-professionels-pour-bois","10":"pa_herramientas-airless-fr","11":"pa_herramientas-pistola-fr","12":"pa_iconos-2-base-solvente-fr","13":"pa_iconos-38-rendimiento-de-10-15-m2l-fr","14":"pa_iconos-46-interior-fr","15":"pa_iconos-a-b-fr","16":"pa_iconos-satinado-semimate-mate-fr","17":"pa_iconos-uso-prof-titulado-fr","19":"first","20":"instock","21":"shipping-taxable","22":"product-type-simple"},"acf":[],"_links":{"self":[{"href":"https:\/\/jafep.com\/fr\/wp-json\/wp\/v2\/product\/2154","targetHints":{"allow":["GET"]}}],"collection":[{"href":"https:\/\/jafep.com\/fr\/wp-json\/wp\/v2\/product"}],"about":[{"href":"https:\/\/jafep.com\/fr\/wp-json\/wp\/v2\/types\/product"}],"replies":[{"embeddable":true,"href":"https:\/\/jafep.com\/fr\/wp-json\/wp\/v2\/comments?post=2154"}],"wp:featuredmedia":[{"embeddable":true,"href":"https:\/\/jafep.com\/fr\/wp-json\/wp\/v2\/media\/82409"}],"wp:attachment":[{"href":"https:\/\/jafep.com\/fr\/wp-json\/wp\/v2\/media?parent=2154"}],"wp:term":[{"taxonomy":"product_brand","embeddable":true,"href":"https:\/\/jafep.com\/fr\/wp-json\/wp\/v2\/product_brand?post=2154"},{"taxonomy":"product_cat","embeddable":true,"href":"https:\/\/jafep.com\/fr\/wp-json\/wp\/v2\/product_cat?post=2154"},{"taxonomy":"product_tag","embeddable":true,"href":"https:\/\/jafep.com\/fr\/wp-json\/wp\/v2\/product_tag?post=2154"}],"curies":[{"name":"wp","href":"https:\/\/api.w.org\/{rel}","templated":true}]}}