{"id":2150,"date":"2016-02-02T15:21:43","date_gmt":"2016-02-23T11:58:15","guid":{"rendered":"https:\/\/jafep.com\/?post_type=product&#038;p=2150"},"modified":"2023-05-03T11:05:42","modified_gmt":"2023-05-03T11:05:42","slug":"fond-polyurethane-incolore-a-b","status":"publish","type":"product","link":"https:\/\/jafep.com\/fr\/producto\/fond-polyurethane-incolore-a-b\/","title":{"rendered":"Fond Laque de Polyur\u00e9thane Incolore \u00e0 Deux Composants (Kit)"},"content":{"rendered":"<p>Fond polyur\u00e9thane bi-composant \u00e0 usage industriel, \u00e0 base de solvant, pour meubles en bois. Il se caract\u00e9rise par son haut pouvoir couvrant et son bon pon\u00e7age. <\/p>\n","protected":false},"excerpt":{"rendered":"<p>Fond \u00e0 deux composants <\/p>\n","protected":false},"featured_media":82399,"comment_status":"closed","ping_status":"closed","template":"","meta":{"_acf_changed":false,"_links_to":"","_links_to_target":""},"product_brand":[],"product_cat":[1505,853,839,1373],"product_tag":[],"class_list":{"0":"post-2150","1":"product","2":"type-product","3":"status-publish","4":"has-post-thumbnail","6":"product_cat-avant-de-peindre-fr","7":"product_cat-madera-fr","8":"product_cat-productos-para-la-madera-fr-2","9":"product_cat-produits-professionels-pour-bois","10":"pa_herramientas-airless-fr","11":"pa_herramientas-pistola-fr","12":"pa_iconos-2-base-solvente-fr","13":"pa_iconos-46-interior-fr","14":"pa_iconos-51-mate-60o-fr","15":"pa_iconos-a-b-fr","16":"pa_iconos-mate-fr","17":"pa_iconos-rendimiento-8-12-m2l-fr","18":"pa_iconos-uso-prof-titulado-fr","20":"first","21":"instock","22":"shipping-taxable","23":"product-type-simple"},"acf":[],"_links":{"self":[{"href":"https:\/\/jafep.com\/fr\/wp-json\/wp\/v2\/product\/2150","targetHints":{"allow":["GET"]}}],"collection":[{"href":"https:\/\/jafep.com\/fr\/wp-json\/wp\/v2\/product"}],"about":[{"href":"https:\/\/jafep.com\/fr\/wp-json\/wp\/v2\/types\/product"}],"replies":[{"embeddable":true,"href":"https:\/\/jafep.com\/fr\/wp-json\/wp\/v2\/comments?post=2150"}],"wp:featuredmedia":[{"embeddable":true,"href":"https:\/\/jafep.com\/fr\/wp-json\/wp\/v2\/media\/82399"}],"wp:attachment":[{"href":"https:\/\/jafep.com\/fr\/wp-json\/wp\/v2\/media?parent=2150"}],"wp:term":[{"taxonomy":"product_brand","embeddable":true,"href":"https:\/\/jafep.com\/fr\/wp-json\/wp\/v2\/product_brand?post=2150"},{"taxonomy":"product_cat","embeddable":true,"href":"https:\/\/jafep.com\/fr\/wp-json\/wp\/v2\/product_cat?post=2150"},{"taxonomy":"product_tag","embeddable":true,"href":"https:\/\/jafep.com\/fr\/wp-json\/wp\/v2\/product_tag?post=2150"}],"curies":[{"name":"wp","href":"https:\/\/api.w.org\/{rel}","templated":true}]}}