{"id":2142,"date":"2016-02-02T14:36:10","date_gmt":"2016-02-02T14:36:10","guid":{"rendered":"https:\/\/jafep.com\/?post_type=product&#038;p=2142"},"modified":"2023-11-22T12:23:07","modified_gmt":"2023-11-22T12:23:07","slug":"lasure-a-leau","status":"publish","type":"product","link":"https:\/\/jafep.com\/fr\/producto\/lasure-a-leau\/","title":{"rendered":"Lasure Aqua"},"content":{"rendered":"<p>Lasur pour application int\u00e9rieure et ext\u00e9rieure. Il est tr\u00e8s souple et perm\u00e9able \u00e0 la vapeur d\u2019eau, ce qui permet au bois de respirer. Prot\u00e8ge et d\u00e9core dans des conditions et environnements extr\u00eames. Contient des additifs filtrants qui prot\u00e8gent des rayons U.V. <\/p>\n","protected":false},"excerpt":{"rendered":"<p>Lasure en Phase Aqueuse <\/p>\n","protected":false},"featured_media":82394,"comment_status":"closed","ping_status":"closed","template":"","meta":{"_acf_changed":false,"_links_to":"","_links_to_target":""},"product_brand":[],"product_cat":[551,853,1507,828,1367,777,839,1508,1397,1506],"product_tag":[],"class_list":{"0":"post-2142","1":"product","2":"type-product","3":"status-publish","4":"has-post-thumbnail","6":"product_cat-bases-systeme-multicouleur","7":"product_cat-madera-fr","8":"product_cat-changer-la-teinte-couleur","9":"product_cat-exteriores-fr","10":"product_cat-lasure","11":"product_cat-mobiliario-de-jardin-fr","12":"product_cat-productos-para-la-madera-fr-2","13":"product_cat-proteger-fr","14":"product_cat-sisteme-a-teinter","15":"product_cat-vernir","16":"pa_formatos-4l-fr","17":"pa_formatos-750ml-fr","18":"pa_herramientas-airless-fr","19":"pa_herramientas-brocha-fr","20":"pa_herramientas-pistola-fr","21":"pa_herramientas-rodillo-fr-2","22":"pa_iconos-1-base-agua-fr","23":"pa_iconos-45-exterior-interior-fr","24":"pa_iconos-basetr-fr","25":"pa_iconos-cartes-de-credit","26":"pa_iconos-producto-al-agua-fr","27":"pa_iconos-rendement-12-14-m2-l","28":"pa_iconos-satinado-fr","30":"first","31":"instock","32":"shipping-taxable","33":"product-type-simple"},"acf":[],"_links":{"self":[{"href":"https:\/\/jafep.com\/fr\/wp-json\/wp\/v2\/product\/2142","targetHints":{"allow":["GET"]}}],"collection":[{"href":"https:\/\/jafep.com\/fr\/wp-json\/wp\/v2\/product"}],"about":[{"href":"https:\/\/jafep.com\/fr\/wp-json\/wp\/v2\/types\/product"}],"replies":[{"embeddable":true,"href":"https:\/\/jafep.com\/fr\/wp-json\/wp\/v2\/comments?post=2142"}],"wp:featuredmedia":[{"embeddable":true,"href":"https:\/\/jafep.com\/fr\/wp-json\/wp\/v2\/media\/82394"}],"wp:attachment":[{"href":"https:\/\/jafep.com\/fr\/wp-json\/wp\/v2\/media?parent=2142"}],"wp:term":[{"taxonomy":"product_brand","embeddable":true,"href":"https:\/\/jafep.com\/fr\/wp-json\/wp\/v2\/product_brand?post=2142"},{"taxonomy":"product_cat","embeddable":true,"href":"https:\/\/jafep.com\/fr\/wp-json\/wp\/v2\/product_cat?post=2142"},{"taxonomy":"product_tag","embeddable":true,"href":"https:\/\/jafep.com\/fr\/wp-json\/wp\/v2\/product_tag?post=2142"}],"curies":[{"name":"wp","href":"https:\/\/api.w.org\/{rel}","templated":true}]}}