{"id":2139,"date":"2016-02-02T12:57:55","date_gmt":"2016-02-23T11:50:05","guid":{"rendered":"https:\/\/jafep.com\/?post_type=product&#038;p=2139"},"modified":"2023-05-03T09:39:21","modified_gmt":"2023-05-03T09:39:21","slug":"vernis-eau-acrylique","status":"publish","type":"product","link":"https:\/\/jafep.com\/fr\/producto\/vernis-eau-acrylique\/","title":{"rendered":"Vernis Eau Acrylique"},"content":{"rendered":"<p>Vernis pour tout type de bois en ext\u00e9rieur. D\u00e9core et prot\u00e8ge en conditions climatiques extr\u00eames, \u00e9vite la formation et le d\u00e9veloppement des moisissures. Avec filtre solaire. <\/p>\n","protected":false},"excerpt":{"rendered":"<p>Vernis pour tout type de bois en ext\u00e9rieur. D\u00e9core et prot\u00e8ge en conditions climatiques extr\u00eames, \u00e9vite la formation et le d\u00e9veloppement des moisissures. Avec filtre solaire.<\/p>\n","protected":false},"featured_media":82389,"comment_status":"closed","ping_status":"closed","template":"","meta":{"_acf_changed":false,"_links_to":"","_links_to_target":""},"product_brand":[],"product_cat":[551,1507,839,1508,1397,1506,1361],"product_tag":[],"class_list":{"0":"post-2139","1":"product","2":"type-product","3":"status-publish","4":"has-post-thumbnail","6":"product_cat-bases-systeme-multicouleur","7":"product_cat-changer-la-teinte-couleur","8":"product_cat-productos-para-la-madera-fr-2","9":"product_cat-proteger-fr","10":"product_cat-sisteme-a-teinter","11":"product_cat-vernir","12":"product_cat-vernis","13":"pa_formatos-4l-fr","14":"pa_formatos-750ml-fr","15":"pa_herramientas-airless-fr","16":"pa_herramientas-brocha-fr","17":"pa_herramientas-brocha-esmalte-barniz-acrilico-microfibra-fr","18":"pa_herramientas-pistola-fr","19":"pa_herramientas-rodillo-esmalte-barniz-acrilico-microfibra-8-mm-fr","20":"pa_iconos-1-base-agua-fr","21":"pa_iconos-basetr-fr","22":"pa_iconos-cartes-de-credit","23":"pa_iconos-conservateur-anti-moisissures-systeme-atmh","24":"pa_iconos-exterior-fr","25":"pa_iconos-producto-al-agua-fr","26":"pa_iconos-b-s1d0-fr","27":"pa_iconos-rendement-12-14-m2-l","29":"first","30":"instock","31":"shipping-taxable","32":"product-type-simple"},"acf":[],"_links":{"self":[{"href":"https:\/\/jafep.com\/fr\/wp-json\/wp\/v2\/product\/2139","targetHints":{"allow":["GET"]}}],"collection":[{"href":"https:\/\/jafep.com\/fr\/wp-json\/wp\/v2\/product"}],"about":[{"href":"https:\/\/jafep.com\/fr\/wp-json\/wp\/v2\/types\/product"}],"replies":[{"embeddable":true,"href":"https:\/\/jafep.com\/fr\/wp-json\/wp\/v2\/comments?post=2139"}],"wp:featuredmedia":[{"embeddable":true,"href":"https:\/\/jafep.com\/fr\/wp-json\/wp\/v2\/media\/82389"}],"wp:attachment":[{"href":"https:\/\/jafep.com\/fr\/wp-json\/wp\/v2\/media?parent=2139"}],"wp:term":[{"taxonomy":"product_brand","embeddable":true,"href":"https:\/\/jafep.com\/fr\/wp-json\/wp\/v2\/product_brand?post=2139"},{"taxonomy":"product_cat","embeddable":true,"href":"https:\/\/jafep.com\/fr\/wp-json\/wp\/v2\/product_cat?post=2139"},{"taxonomy":"product_tag","embeddable":true,"href":"https:\/\/jafep.com\/fr\/wp-json\/wp\/v2\/product_tag?post=2139"}],"curies":[{"name":"wp","href":"https:\/\/api.w.org\/{rel}","templated":true}]}}