{"id":2135,"date":"2016-02-02T12:46:00","date_gmt":"2016-02-23T11:46:58","guid":{"rendered":"https:\/\/jafep.com\/?post_type=product&#038;p=2135"},"modified":"2016-03-15T15:25:37","modified_gmt":"2016-03-15T15:25:37","slug":"impression-penetrant-pour-le-bois","status":"publish","type":"product","link":"https:\/\/jafep.com\/fr\/producto\/impression-penetrant-pour-le-bois\/","title":{"rendered":"Impression P\u00e9n\u00e9trant pour le Bois"},"content":{"rendered":"<p>Fond d\u2019impr\u00e9gnation pour bois \u00e0 base de r\u00e9sines alkydes. <\/p>\n","protected":false},"excerpt":{"rendered":"<p>Fond d\u2019impr\u00e9gnation pour bois \u00e0 base de r\u00e9sines alkydes.<\/p>\n","protected":false},"featured_media":0,"comment_status":"closed","ping_status":"closed","template":"","meta":{"_acf_changed":false,"_links_to":"","_links_to_target":""},"product_brand":[],"product_cat":[1505,853,839],"product_tag":[],"class_list":{"0":"post-2135","1":"product","2":"type-product","3":"status-publish","5":"product_cat-avant-de-peindre-fr","6":"product_cat-madera-fr","7":"product_cat-productos-para-la-madera-fr-2","8":"pa_formatos-20l-fr","9":"pa_formatos-4l-fr","10":"pa_formatos-750ml-fr","11":"pa_herramientas-airless-fr","12":"pa_herramientas-brocha-fr","13":"pa_herramientas-pistola-fr","14":"pa_iconos-2-base-solvente-fr","16":"first","17":"instock","18":"shipping-taxable","19":"product-type-simple"},"acf":[],"_links":{"self":[{"href":"https:\/\/jafep.com\/fr\/wp-json\/wp\/v2\/product\/2135","targetHints":{"allow":["GET"]}}],"collection":[{"href":"https:\/\/jafep.com\/fr\/wp-json\/wp\/v2\/product"}],"about":[{"href":"https:\/\/jafep.com\/fr\/wp-json\/wp\/v2\/types\/product"}],"replies":[{"embeddable":true,"href":"https:\/\/jafep.com\/fr\/wp-json\/wp\/v2\/comments?post=2135"}],"wp:attachment":[{"href":"https:\/\/jafep.com\/fr\/wp-json\/wp\/v2\/media?parent=2135"}],"wp:term":[{"taxonomy":"product_brand","embeddable":true,"href":"https:\/\/jafep.com\/fr\/wp-json\/wp\/v2\/product_brand?post=2135"},{"taxonomy":"product_cat","embeddable":true,"href":"https:\/\/jafep.com\/fr\/wp-json\/wp\/v2\/product_cat?post=2135"},{"taxonomy":"product_tag","embeddable":true,"href":"https:\/\/jafep.com\/fr\/wp-json\/wp\/v2\/product_tag?post=2135"}],"curies":[{"name":"wp","href":"https:\/\/api.w.org\/{rel}","templated":true}]}}