{"id":2129,"date":"2016-02-02T12:33:18","date_gmt":"2016-02-23T11:43:07","guid":{"rendered":"https:\/\/jafep.com\/?post_type=product&#038;p=2129"},"modified":"2023-05-03T08:27:14","modified_gmt":"2023-05-03T08:27:14","slug":"vernis-parquet-polyurethane-brillant","status":"publish","type":"product","link":"https:\/\/jafep.com\/fr\/producto\/vernis-parquet-polyurethane-brillant\/","title":{"rendered":"Vernis Parquet Polyur\u00e9thane Brillant"},"content":{"rendered":"<p>Vernis polyur\u00e9thane monocomposant pour bois tr\u00e8s abrasif. Finition brillante et flexible. Excellente aptitude au brossage et bon nivellement. <\/p>\n","protected":false},"excerpt":{"rendered":"<p>Vernis polyur\u00e9thane <\/p>\n","protected":false},"featured_media":82379,"comment_status":"closed","ping_status":"closed","template":"","meta":{"_acf_changed":false,"_links_to":"","_links_to_target":""},"product_brand":[],"product_cat":[853,839,1508,1506,1361],"product_tag":[],"class_list":{"0":"post-2129","1":"product","2":"type-product","3":"status-publish","4":"has-post-thumbnail","6":"product_cat-madera-fr","7":"product_cat-productos-para-la-madera-fr-2","8":"product_cat-proteger-fr","9":"product_cat-vernir","10":"product_cat-vernis","11":"pa_formatos-375ml-fr","12":"pa_formatos-4l-fr","13":"pa_formatos-750ml-fr","14":"pa_herramientas-airless-fr","15":"pa_herramientas-brocha-esmalte-barniz-acrilico-microfibra-fr","16":"pa_herramientas-pistola-fr","17":"pa_herramientas-rodillo-fr-2","18":"pa_iconos-2-base-solvente-fr","19":"pa_iconos-46-interior-fr","20":"pa_iconos-brillant","21":"pa_iconos-cartes-de-credit","22":"pa_iconos-b-s1d0-fr","23":"pa_iconos-rendement-12-14-m2-l","24":"pa_iconos-uso-prof-titulado-fr","26":"first","27":"instock","28":"shipping-taxable","29":"product-type-simple"},"acf":[],"_links":{"self":[{"href":"https:\/\/jafep.com\/fr\/wp-json\/wp\/v2\/product\/2129","targetHints":{"allow":["GET"]}}],"collection":[{"href":"https:\/\/jafep.com\/fr\/wp-json\/wp\/v2\/product"}],"about":[{"href":"https:\/\/jafep.com\/fr\/wp-json\/wp\/v2\/types\/product"}],"replies":[{"embeddable":true,"href":"https:\/\/jafep.com\/fr\/wp-json\/wp\/v2\/comments?post=2129"}],"wp:featuredmedia":[{"embeddable":true,"href":"https:\/\/jafep.com\/fr\/wp-json\/wp\/v2\/media\/82379"}],"wp:attachment":[{"href":"https:\/\/jafep.com\/fr\/wp-json\/wp\/v2\/media?parent=2129"}],"wp:term":[{"taxonomy":"product_brand","embeddable":true,"href":"https:\/\/jafep.com\/fr\/wp-json\/wp\/v2\/product_brand?post=2129"},{"taxonomy":"product_cat","embeddable":true,"href":"https:\/\/jafep.com\/fr\/wp-json\/wp\/v2\/product_cat?post=2129"},{"taxonomy":"product_tag","embeddable":true,"href":"https:\/\/jafep.com\/fr\/wp-json\/wp\/v2\/product_tag?post=2129"}],"curies":[{"name":"wp","href":"https:\/\/api.w.org\/{rel}","templated":true}]}}